{"id":195,"date":"2020-11-22T10:14:58","date_gmt":"2020-11-22T10:14:58","guid":{"rendered":"http:\/\/www.inf.u-szeged.hu\/~somogyia\/?page_id=195"},"modified":"2021-03-03T19:31:54","modified_gmt":"2021-03-03T19:31:54","slug":"analog-szenzorok","status":"publish","type":"page","link":"http:\/\/www.inf.u-szeged.hu\/~somogyia\/index.php\/analog-szenzorok\/","title":{"rendered":"Anal\u00f3g szenzorok"},"content":{"rendered":"\n<p><img loading=\"lazy\" class=\"wp-image-305 alignleft\" src=\"http:\/\/www.inf.u-szeged.hu\/~somogyia\/wp-content\/uploads\/2021\/03\/156835339_734693684103588_9194113530636589239_n.jpg\" alt=\"\" width=\"98\" height=\"146\" srcset=\"http:\/\/www.inf.u-szeged.hu\/~somogyia\/wp-content\/uploads\/2021\/03\/156835339_734693684103588_9194113530636589239_n.jpg 366w, http:\/\/www.inf.u-szeged.hu\/~somogyia\/wp-content\/uploads\/2021\/03\/156835339_734693684103588_9194113530636589239_n-202x300.jpg 202w\" sizes=\"(max-width: 98px) 100vw, 98px\" \/>Szerz\u0151k: Somogyi Anik\u00f3, Mell\u00e1r J\u00e1nos, Makan Gergely \u00e9s Dr. Mingesz R\u00f3bert<br>Tananyag elsaj\u00e1t\u00edt\u00e1s\u00e1hoz sz\u00fcks\u00e9ges id\u0151: 45 perc<\/p>\n\n\n\n<p><em>Az lecke bemutatja az anal\u00f3g szenzorok haszn\u00e1lat\u00e1t.<\/em><\/p>\n\n\n\n<ul><li>H\u0151m\u00e9rs\u00e9kletm\u00e9r\u0151 szenzorok (termisztor, TMP36)<\/li><li>F\u00e9nyer\u0151ss\u00e9gszenzor (fotoellen\u00e1ll\u00e1s)<br><div class=\"h5p-iframe-wrapper\"><iframe id=\"h5p-iframe-4\" class=\"h5p-iframe\" data-content-id=\"4\" style=\"height:1px\" src=\"about:blank\" frameBorder=\"0\" scrolling=\"no\"><\/iframe><\/div><\/li><\/ul>\n\n\n\n<script>\n                            if (window.qmn_quiz_data === undefined) {\n                                    window.qmn_quiz_data = new Object();\n                            }\n                    <\/script><div class='qsm-quiz-container qmn_quiz_container mlw_qmn_quiz '><form name='quizForm15' id='quizForm15' action='\/~somogyia\/index.php\/wp-json\/wp\/v2\/pages\/195' method='POST' class='qsm-quiz-form qmn_quiz_form mlw_quiz_form' novalidate  enctype='multipart\/form-data'><input type='hidden' name='qsm_hidden_questions' id='qsm_hidden_questions' value=''><div id='mlw_error_message' class='qsm-error-message qmn_error_message_section'><\/div><span id='mlw_top_of_quiz'><\/span>            <section class=\"qsm-page \">\n                                    <div class=\"quiz_section quiz_begin\">\n                        <div class='qsm-before-message mlw_qmn_message_before'>\n                            <p>Elsaj\u00e1t\u00edtottad a tananyagot? Teszteld a tud\u00e1sod!<\/p>\n<p>&nbsp;<\/p>\n                        <\/div>\n                                            <\/div>\n                                        <div class='quiz_section question-section-id-21'>\n                        <span class='mlw_qmn_question ' ><a href=\"http:\/\/www.inf.u-szeged.hu\/~somogyia\/wp-content\/uploads\/2021\/03\/fotoellen\u00e1ll\u00e1s.png\"><img class=\"alignnone wp-image-298\" src=\"http:\/\/www.inf.u-szeged.hu\/~somogyia\/wp-content\/uploads\/2021\/03\/fotoellen\u00e1ll\u00e1s.png\" alt=\"\" width=\"322\" height=\"319\" \/><\/a><br \/>Az \u00e1bra szerint egy fotoellen\u00e1ll\u00e1st\u00a0 kapcsolunk sorba egy 10 k\u03a9-os ellen\u00e1ll\u00e1ssal \u00e9s 5V-ot kapcsolunk r\u00e1juk. Melyik \u00e1ll\u00edt\u00e1s(ok) igaz(ak)?<\/span><div class='qmn_check_answers '><div class=\"qsm_check_answer\"><input type='hidden' name='question21' value='This value does not matter' \/><input type='checkbox'  name='question21_1' id='question21_1' value='Ha a f\u00e9nyer\u0151 n\u00f6vekszik, a fotoellen\u00e1ll\u00e1s ellen\u00e1ll\u00e1sa cs\u00f6kken.' \/> <label for='question21_1'>Ha a f\u00e9nyer\u0151 n\u00f6vekszik, a fotoellen\u00e1ll\u00e1s ellen\u00e1ll\u00e1sa cs\u00f6kken.<\/label><\/div><div class=\"qsm_check_answer\"><input type='hidden' name='question21' value='This value does not matter' \/><input type='checkbox'  name='question21_2' id='question21_2' value='Ha a f\u00e9nyer\u0151 cs\u00f6kken, a fotoellen\u00e1ll\u00e1son es\u0151 fesz\u00fclts\u00e9g cs\u00f6kken.' \/> <label for='question21_2'>Ha a f\u00e9nyer\u0151 cs\u00f6kken, a fotoellen\u00e1ll\u00e1son es\u0151 fesz\u00fclts\u00e9g cs\u00f6kken.<\/label><\/div><div class=\"qsm_check_answer\"><input type='hidden' name='question21' value='This value does not matter' \/><input type='checkbox'  name='question21_3' id='question21_3' value='S\u00f6t\u00e9tben a bemeneti fesz\u00fclts\u00e9g jelent\u0151s r\u00e9sze a fotoellen\u00e1ll\u00e1son esik.' \/> <label for='question21_3'>S\u00f6t\u00e9tben a bemeneti fesz\u00fclts\u00e9g jelent\u0151s r\u00e9sze a fotoellen\u00e1ll\u00e1son esik.<\/label><\/div><div class=\"qsm_check_answer\"><input type='hidden' name='question21' value='This value does not matter' \/><input type='checkbox'  name='question21_4' id='question21_4' value='Er\u0151s megvil\u00e1g\u00edt\u00e1s eset\u00e9n az 5V fesz\u00fclts\u00e9g jelent\u0151s r\u00e9sze a 10 kiloohmos ellen\u00e1ll\u00e1son esik.' \/> <label for='question21_4'>Er\u0151s megvil\u00e1g\u00edt\u00e1s eset\u00e9n az 5V fesz\u00fclts\u00e9g jelent\u0151s r\u00e9sze a 10 kiloohmos ellen\u00e1ll\u00e1son esik.<\/label><\/div><\/div>                    <\/div>\n                                        <div class='quiz_section question-section-id-22'>\n                        <span class='mlw_qmn_question ' >A termisztorra vonatkoz\u00f3 \u00e1ll\u00edt\u00e1sok k\u00f6z\u00fcl v\u00e1lassza ki a hamis \u00e1ll\u00edt\u00e1s(oka)t!<\/span><div class='qmn_check_answers '><div class=\"qsm_check_answer\"><input type='hidden' name='question22' value='This value does not matter' \/><input type='checkbox'  name='question22_1' id='question22_1' value='A termisztor f\u00e9nyer\u0151ss\u00e9gszenzor' \/> <label for='question22_1'>A termisztor f\u00e9nyer\u0151ss\u00e9gszenzor<\/label><\/div><div class=\"qsm_check_answer\"><input type='hidden' name='question22' value='This value does not matter' \/><input type='checkbox'  name='question22_2' id='question22_2' value='A termisztor f\u00e9lvezet\u0151 szenzor' \/> <label for='question22_2'>A termisztor f\u00e9lvezet\u0151 szenzor<\/label><\/div><div class=\"qsm_check_answer\"><input type='hidden' name='question22' value='This value does not matter' \/><input type='checkbox'  name='question22_3' id='question22_3' value='A termisztor digit\u00e1lis szenzor' \/> <label for='question22_3'>A termisztor digit\u00e1lis szenzor<\/label><\/div><div class=\"qsm_check_answer\"><input type='hidden' name='question22' value='This value does not matter' \/><input type='checkbox'  name='question22_4' id='question22_4' value='A termisztor ellen\u00e1ll\u00e1sa cs\u00f6kken, ha meleg\u00edtj\u00fck.' \/> <label for='question22_4'>A termisztor ellen\u00e1ll\u00e1sa cs\u00f6kken, ha meleg\u00edtj\u00fck.<\/label><\/div><\/div>                    <\/div>\n                                        <div class='quiz_section question-section-id-23'>\n                        <span class='mlw_qmn_question ' >A TMP36 szenzorra vonatkoz\u00f3 \u00e1ll\u00edt\u00e1sok k\u00f6z\u00fcl v\u00e1lassza ki az igaz \u00e1ll\u00edt\u00e1s(oka)t!<\/span><div class='qmn_check_answers '><div class=\"qsm_check_answer\"><input type='hidden' name='question23' value='This value does not matter' \/><input type='checkbox'  name='question23_1' id='question23_1' value='K\u00e9t kivezet\u00e9se van.' \/> <label for='question23_1'>K\u00e9t kivezet\u00e9se van.<\/label><\/div><div class=\"qsm_check_answer\"><input type='hidden' name='question23' value='This value does not matter' \/><input type='checkbox'  name='question23_2' id='question23_2' value='A kimeneten m\u00e9rhet\u0151 fesz\u00fclts\u00e9g line\u00e1risan n\u00f6vekszik a fesz\u00fclts\u00e9g n\u00f6vel\u00e9s\u00e9vel.' \/> <label for='question23_2'>A kimeneten m\u00e9rhet\u0151 fesz\u00fclts\u00e9g line\u00e1risan n\u00f6vekszik a fesz\u00fclts\u00e9g n\u00f6vel\u00e9s\u00e9vel.<\/label><\/div><div class=\"qsm_check_answer\"><input type='hidden' name='question23' value='This value does not matter' \/><input type='checkbox'  name='question23_3' id='question23_3' value='A szenzor val\u00f3j\u00e1ban egy di\u00f3da, amelynek v\u00e1ltozik a nyit\u00f3ir\u00e1ny\u00fa fesz\u00fclts\u00e9ge.' \/> <label for='question23_3'>A szenzor val\u00f3j\u00e1ban egy di\u00f3da, amelynek v\u00e1ltozik a nyit\u00f3ir\u00e1ny\u00fa fesz\u00fclts\u00e9ge.<\/label><\/div><div class=\"qsm_check_answer\"><input type='hidden' name='question23' value='This value does not matter' \/><input type='checkbox'  name='question23_4' id='question23_4' value='Tudunk vele -70\u00b0C-ot m\u00e9rni.' \/> <label for='question23_4'>Tudunk vele -70\u00b0C-ot m\u00e9rni.<\/label><\/div><\/div>                    <\/div>\n                                        <div class='quiz_section question-section-id-24'>\n                        <span class='mlw_qmn_question ' >A TMP36 szenzorra 5V bemeti fesz\u00fclts\u00e9get kapcsoltunk. Tudjuk, hogy T(\u00b0C) =(U_m\u00e9rt (V)-0,5)\u00b7100. Ha a szenzor kivezet\u00e9sein m\u00e9rt fesz\u00fclts\u00e9g (U_m\u00e9rt) 0,8V-nak ad\u00f3dik, akkor h\u00e1ny \u00b0C a m\u00e9rt h\u0151m\u00e9rs\u00e9klet?<\/span><input type='number'  class='mlw_answer_number ' name='question24' \/>                    <\/div>\n                                        <div class='quiz_section question-section-id-26'>\n                        <span class='mlw_qmn_question ' >Egy NTC-t\u00edpus\u00fa termisztor haszn\u00e1lunk h\u0151m\u00e9rs\u00e9kletm\u00e9r\u00e9sre. Az adatlapon azt tal\u00e1ltuk, hogy<br \/><br \/><a href=\"http:\/\/www.inf.u-szeged.hu\/~somogyia\/wp-content\/uploads\/2021\/03\/NTC.png\"><img class=\"alignnone wp-image-325\" src=\"http:\/\/www.inf.u-szeged.hu\/~somogyia\/wp-content\/uploads\/2021\/03\/NTC.png\" alt=\"\" width=\"143\" height=\"55\" \/><\/a><br \/>Ennek megfelel\u0151en sorba k\u00f6tj\u00fck egy 10 k\u03a9-os ellen\u00e1ll\u00e1ssal, 5V bemeneti fesz\u00fclts\u00e9get kapcsolunk a fesz\u00fclts\u00e9goszt\u00f3ra, \u00e9s m\u00e9rj\u00fck a termisztoron es\u0151 fesz\u00fclts\u00e9get az \u00e1bra szerint:<br \/><br \/><a href=\"http:\/\/www.inf.u-szeged.hu\/~somogyia\/wp-content\/uploads\/2021\/03\/termisztor_bek\u00f6t\u00e9s.png\"><img class=\"alignnone wp-image-330\" src=\"http:\/\/www.inf.u-szeged.hu\/~somogyia\/wp-content\/uploads\/2021\/03\/termisztor_bek\u00f6t\u00e9s.png\" alt=\"\" width=\"315\" height=\"167\" \/><\/a><br \/><br \/>A m\u00e9rt fesz\u00fclts\u00e9g 3V. H\u00e1ny \u00b0C-os a m\u00e9rt h\u0151m\u00e9rs\u00e9klet?<\/span><div class='qmn_radio_answers '><div class='qmn_mc_answer_wrap' id='question26-16,2'><input type='radio' class='qmn_quiz_radio' name='question26' id='question26_1' value='16,2' \/><label for='question26_1'>16,2<\/label><\/div><div class='qmn_mc_answer_wrap' id='question26-20'><input type='radio' class='qmn_quiz_radio' name='question26' id='question26_2' value='20' \/><label for='question26_2'>20<\/label><\/div><div class='qmn_mc_answer_wrap' id='question26-289,35'><input type='radio' class='qmn_quiz_radio' name='question26' id='question26_3' value='289,35' \/><label for='question26_3'>289,35<\/label><\/div><div class='qmn_mc_answer_wrap' id='question26-293,15'><input type='radio' class='qmn_quiz_radio' name='question26' id='question26_4' value='293,15' \/><label for='question26_4'>293,15<\/label><\/div><input type='radio' style='display: none;' name='question26' id='question26_none' checked='checked' value='' \/><\/div>                    <\/div>\n                                <\/section>\n                    <!-- View for pagination -->\n        <script type=\"text\/template\" id=\"tmpl-qsm-pagination\">\n            <div class=\"qsm-pagination qmn_pagination border margin-bottom\">\n            <a class=\"qsm-btn qsm-previous qmn_btn mlw_qmn_quiz_link mlw_previous\" href=\"#\">El\u0151z\u0151<\/a>\n            <span class=\"qmn_page_message\"><\/span>\n            <div class=\"qmn_page_counter_message\"><\/div>\n            <div class=\"qsm-progress-bar\" style=\"display:none;\"><div class=\"progressbar-text\"><\/div><\/div>\n            <a class=\"qsm-btn qsm-next qmn_btn mlw_qmn_quiz_link mlw_next\" href=\"#\">K\u00f6vetkez\u0151<\/a>\n            <input type='submit' class='qsm-btn qsm-submit-btn qmn_btn' value='K\u00e9sz!' \/>\n            <\/div>\n        <\/script>\n        <input type='hidden' name='qmn_question_list' value='21Q22Q23Q24Q26Q' \/>\n        <div id='mlw_error_message_bottom' class='qsm-error-message qmn_error_message_section'><\/div><input type='hidden' name='total_questions' id='total_questions' value='5'\/><input type='hidden' name='timer' id='timer' value='0'\/><input type='hidden' name='timer_ms' id='timer_ms' value='0'\/><input type='hidden' class='qmn_quiz_id' name='qmn_quiz_id' id='qmn_quiz_id' value='15'\/><input type='hidden' name='complete_quiz' value='confirmation' \/><\/form><\/div><script>\n                            window.qmn_quiz_data[\"15\"] = {\"quiz_id\":\"15\",\"quiz_name\":\"Anal\\u00f3g szenzorok - tesztk\\u00e9rd\\u00e9sek\",\"disable_answer\":\"0\",\"ajax_show_correct\":\"0\",\"progress_bar\":\"1\",\"contact_info_location\":\"0\",\"qpages\":{\"1\":{\"id\":\"1\",\"quizID\":\"15\",\"pagekey\":\"qYkaXg7J\",\"hide_prevbtn\":\"0\"}},\"skip_validation_time_expire\":\"1\",\"timer_limit_val\":0,\"disable_scroll_next_previous_click\":\"0\",\"enable_result_after_timer_end\":\"0\",\"enable_quick_result_mc\":\"0\",\"end_quiz_if_wrong\":\"0\",\"form_disable_autofill\":\"0\",\"enable_quick_correct_answer_info\":\"2\",\"quick_result_correct_answer_text\":\"Helyes!\",\"quick_result_wrong_answer_text\":\"Nem j\\u00f3 v\\u00e1lasz\",\"error_messages\":{\"email\":\"Nem \\u00e9rv\\u00e9nyes e-mail c\\u00edm\",\"number\":\"Ebbe a mez\\u0151be csak sz\\u00e1mot lehet be\\u00edrni.\",\"incorrect\":\"A be\\u00edrt sz\\u00f6veg nem helyes.\",\"empty\":\"K\\u00e9rem, az \\u00f6sszes k\\u00f6telez\\u0151 mez\\u0151t t\\u00f6ltse ki!\"},\"first_page\":false}\n                    <\/script><div style=\"display: none;\" class=\"qsm-popup qsm-popup-slide\" id=\"modal-3\" aria-hidden=\"false\"><div class=\"qsm-popup__overlay\" tabindex=\"-1\" data-micromodal-close=\"\"><div class=\"qsm-popup__container qmn_quiz_container\" role=\"dialog\" aria-modal=\"true\"><div class=\"qsm-popup__content\"><img src=\"http:\/\/www.inf.u-szeged.hu\/~somogyia\/wp-content\/plugins\/quiz-master-next\/assets\/clock.png\" alt=\"clock.png\"\/><p class=\"qsm-time-up-text\">Time is Up!<\/p><\/div><footer class=\"qsm-popup__footer\"><button class=\"qsm-popup-secondary-button qmn_btn\" data-micromodal-close=\"\" aria-label=\"Close this dialog window\">Cancel<\/button><button data-quiz_id=\"15\" class=\"submit-the-form qmn_btn\">Submit Quiz<\/button><\/footer><\/div><\/div><\/div>\n\n\n\n<p>Jelen tananyag a Szegedi Tudom\u00e1nyegyetemen k\u00e9sz\u00fclt az Eur\u00f3pai Uni\u00f3 t\u00e1mogat\u00e1s\u00e1val. Projekt azonos\u00edt\u00f3: EFOP-3.4.3-16-2016-00014<\/p>\n<p><a href=\"http:\/\/www.inf.u-szeged.hu\/~somogyia\/wp-content\/uploads\/2021\/03\/infoblokk_kedv_final_magyar_CMYK_-ESZA.jpg\"><img loading=\"lazy\" class=\"alignnone  wp-image-301 alignright\" src=\"http:\/\/www.inf.u-szeged.hu\/~somogyia\/wp-content\/uploads\/2021\/03\/infoblokk_kedv_final_magyar_CMYK_-ESZA.jpg\" alt=\"\" width=\"422\" height=\"291\" srcset=\"http:\/\/www.inf.u-szeged.hu\/~somogyia\/wp-content\/uploads\/2021\/03\/infoblokk_kedv_final_magyar_CMYK_-ESZA.jpg 1024w, http:\/\/www.inf.u-szeged.hu\/~somogyia\/wp-content\/uploads\/2021\/03\/infoblokk_kedv_final_magyar_CMYK_-ESZA-300x207.jpg 300w, http:\/\/www.inf.u-szeged.hu\/~somogyia\/wp-content\/uploads\/2021\/03\/infoblokk_kedv_final_magyar_CMYK_-ESZA-768x530.jpg 768w\" sizes=\"(max-width: 422px) 100vw, 422px\" \/><\/a><\/p>\n\n","protected":false},"excerpt":{"rendered":"<p>Tananyag elsaj\u00e1t\u00edt\u00e1s\u00e1hoz sz\u00fcks\u00e9ges id\u0151: 45 perc Az lecke bemutatja az anal\u00f3g szenzorok haszn\u00e1lat\u00e1t. H\u0151m\u00e9rs\u00e9kletm\u00e9r\u0151 szenzorok (termisztor, TMP36) F\u00e9nyer\u0151ss\u00e9gszenzor (fotoellen\u00e1ll\u00e1s) &nbsp;<\/p>\n","protected":false},"author":1,"featured_media":0,"parent":0,"menu_order":0,"comment_status":"closed","ping_status":"closed","template":"","meta":[],"_links":{"self":[{"href":"http:\/\/www.inf.u-szeged.hu\/~somogyia\/index.php\/wp-json\/wp\/v2\/pages\/195"}],"collection":[{"href":"http:\/\/www.inf.u-szeged.hu\/~somogyia\/index.php\/wp-json\/wp\/v2\/pages"}],"about":[{"href":"http:\/\/www.inf.u-szeged.hu\/~somogyia\/index.php\/wp-json\/wp\/v2\/types\/page"}],"author":[{"embeddable":true,"href":"http:\/\/www.inf.u-szeged.hu\/~somogyia\/index.php\/wp-json\/wp\/v2\/users\/1"}],"replies":[{"embeddable":true,"href":"http:\/\/www.inf.u-szeged.hu\/~somogyia\/index.php\/wp-json\/wp\/v2\/comments?post=195"}],"version-history":[{"count":8,"href":"http:\/\/www.inf.u-szeged.hu\/~somogyia\/index.php\/wp-json\/wp\/v2\/pages\/195\/revisions"}],"predecessor-version":[{"id":340,"href":"http:\/\/www.inf.u-szeged.hu\/~somogyia\/index.php\/wp-json\/wp\/v2\/pages\/195\/revisions\/340"}],"wp:attachment":[{"href":"http:\/\/www.inf.u-szeged.hu\/~somogyia\/index.php\/wp-json\/wp\/v2\/media?parent=195"}],"curies":[{"name":"wp","href":"https:\/\/api.w.org\/{rel}","templated":true}]}}