{"id":106,"date":"2020-07-16T10:53:27","date_gmt":"2020-07-16T10:53:27","guid":{"rendered":"http:\/\/www.inf.u-szeged.hu\/~mingesz\/?page_id=106"},"modified":"2021-04-04T16:11:01","modified_gmt":"2021-04-04T16:11:01","slug":"tananyagok","status":"publish","type":"page","link":"https:\/\/www.inf.u-szeged.hu\/~mingesz\/tananyagok\/","title":{"rendered":"Tananyagok \u00e9s le\u00edr\u00e1sok"},"content":{"rendered":"\n<ul class=\"wp-block-list\"><li><a href=\"http:\/\/www.inf.u-szeged.hu\/~mingesz\/digitalis-technika-tananyagok\/\">Digit\u00e1lis technika<\/a><\/li><li>Elektronikai technol\u00f3gi\u00e1k &#8211; folyamatban<\/li><li>M\u00e9r\u00e9stechnika &#8211; folyamatban<\/li><li>Egy\u00e9b \u00fatmutat\u00f3k &#8211; folyamatban<\/li><li>Laborat\u00f3riumi k\u00eds\u00e9rletek &#8211; folyamatban<\/li><li><a href=\"http:\/\/www.inf.u-szeged.hu\/~mingesz\/laboratoriumi-muszerek-es-merestechnika\/\">Laborat\u00f3riumi m\u0171szerek \u00e9s m\u00e9r\u00e9stechnika<\/a><\/li><li><a href=\"http:\/\/www.inf.u-szeged.hu\/~mingesz\/laboratoriumi-eszkozok\/\">Laborat\u00f3riumi eszk\u00f6zfejleszt\u00e9s<\/a><\/li><\/ul>\n\n\n\n<p><\/p>\n","protected":false},"excerpt":{"rendered":"<p>Digit\u00e1lis technika Elektronikai technol\u00f3gi\u00e1k &#8211; folyamatban M\u00e9r\u00e9stechnika &#8211; folyamatban Egy\u00e9b \u00fatmutat\u00f3k &#8211; folyamatban Laborat\u00f3riumi k\u00eds\u00e9rletek &#8211; folyamatban Laborat\u00f3riumi m\u0171szerek \u00e9s m\u00e9r\u00e9stechnika Laborat\u00f3riumi eszk\u00f6zfejleszt\u00e9s<\/p>\n","protected":false},"author":1,"featured_media":0,"parent":0,"menu_order":0,"comment_status":"closed","ping_status":"closed","template":"","meta":{"inline_featured_image":false,"footnotes":""},"class_list":["post-106","page","type-page","status-publish","hentry"],"_links":{"self":[{"href":"https:\/\/www.inf.u-szeged.hu\/~mingesz\/wp-json\/wp\/v2\/pages\/106","targetHints":{"allow":["GET"]}}],"collection":[{"href":"https:\/\/www.inf.u-szeged.hu\/~mingesz\/wp-json\/wp\/v2\/pages"}],"about":[{"href":"https:\/\/www.inf.u-szeged.hu\/~mingesz\/wp-json\/wp\/v2\/types\/page"}],"author":[{"embeddable":true,"href":"https:\/\/www.inf.u-szeged.hu\/~mingesz\/wp-json\/wp\/v2\/users\/1"}],"replies":[{"embeddable":true,"href":"https:\/\/www.inf.u-szeged.hu\/~mingesz\/wp-json\/wp\/v2\/comments?post=106"}],"version-history":[{"count":4,"href":"https:\/\/www.inf.u-szeged.hu\/~mingesz\/wp-json\/wp\/v2\/pages\/106\/revisions"}],"predecessor-version":[{"id":381,"href":"https:\/\/www.inf.u-szeged.hu\/~mingesz\/wp-json\/wp\/v2\/pages\/106\/revisions\/381"}],"wp:attachment":[{"href":"https:\/\/www.inf.u-szeged.hu\/~mingesz\/wp-json\/wp\/v2\/media?parent=106"}],"curies":[{"name":"wp","href":"https:\/\/api.w.org\/{rel}","templated":true}]}}