{"id":17,"date":"2020-02-26T14:20:14","date_gmt":"2020-02-26T14:20:14","guid":{"rendered":"http:\/\/www.inf.u-szeged.hu\/~mingesz\/?page_id=17"},"modified":"2020-02-26T14:48:15","modified_gmt":"2020-02-26T14:48:15","slug":"dr-mingesz-robert","status":"publish","type":"page","link":"https:\/\/www.inf.u-szeged.hu\/~mingesz\/","title":{"rendered":"Dr. Mingesz R\u00f3bert"},"content":{"rendered":"\n<p><strong>adjunktus<\/strong>, <a href=\"http:\/\/www.inf.u-szeged.hu\/dti\/\">M\u0171szaki Informatika Tansz\u00e9k<\/a><br><a href=\"http:\/\/www.sci.u-szeged.hu\/\">Term\u00e9szettudom\u00e1nyi \u00e9s Informatikai Kar<\/a>, <a href=\"http:\/\/www.u-szeged.hu\/\">Szegedi Tudom\u00e1nyegyetem<\/a><\/p>\n\n\n\n<p>El\u00e9rhet\u0151s\u00e9gek:<\/p>\n\n\n\n<ul class=\"wp-block-list\"><li>Telefon (dolgoz\u00f3szoba): +36-62-54-6730<\/li><li>Telefon (labor): +36-62-54-4068<\/li><li>E-mail: <a href=\"mailto:mingesz@inf.u-szeged.hu\">mingesz@inf.u-szeged.hu<\/a><\/li><li>C\u00edm: 6725, Szeged, Tisza Lajos k\u00f6r\u00fat 103.<\/li><li>Szoba: Irinyi \u00e9p\u00fclet, II\/III l\u00e9pcs\u0151h\u00e1z, I. emelet, 63<\/li><li>Fogad\u00f3\u00f3ra: szerda 13:00-14:00<br>Megjegyz\u00e9s: nem csak fogad\u00f3\u00f3r\u00e1n vagyok el\u00e9rhet\u0151, c\u00e9lszer\u0171 el\u0151zetesen id\u0151pontot egyeztetni e-mail-ben<\/li><\/ul>\n","protected":false},"excerpt":{"rendered":"<p>adjunktus, M\u0171szaki Informatika Tansz\u00e9kTerm\u00e9szettudom\u00e1nyi \u00e9s Informatikai Kar, Szegedi Tudom\u00e1nyegyetem El\u00e9rhet\u0151s\u00e9gek: Telefon (dolgoz\u00f3szoba): +36-62-54-6730 Telefon (labor): +36-62-54-4068 E-mail: mingesz@inf.u-szeged.hu C\u00edm: 6725, Szeged, Tisza Lajos k\u00f6r\u00fat 103. Szoba: Irinyi \u00e9p\u00fclet, II\/III l\u00e9pcs\u0151h\u00e1z, I. emelet, 63 Fogad\u00f3\u00f3ra: szerda 13:00-14:00Megjegyz\u00e9s: nem csak fogad\u00f3\u00f3r\u00e1n vagyok el\u00e9rhet\u0151, c\u00e9lszer\u0171 el\u0151zetesen id\u0151pontot egyeztetni e-mail-ben<\/p>\n","protected":false},"author":1,"featured_media":0,"parent":0,"menu_order":0,"comment_status":"closed","ping_status":"closed","template":"","meta":{"inline_featured_image":false,"footnotes":""},"class_list":["post-17","page","type-page","status-publish","hentry"],"_links":{"self":[{"href":"https:\/\/www.inf.u-szeged.hu\/~mingesz\/wp-json\/wp\/v2\/pages\/17","targetHints":{"allow":["GET"]}}],"collection":[{"href":"https:\/\/www.inf.u-szeged.hu\/~mingesz\/wp-json\/wp\/v2\/pages"}],"about":[{"href":"https:\/\/www.inf.u-szeged.hu\/~mingesz\/wp-json\/wp\/v2\/types\/page"}],"author":[{"embeddable":true,"href":"https:\/\/www.inf.u-szeged.hu\/~mingesz\/wp-json\/wp\/v2\/users\/1"}],"replies":[{"embeddable":true,"href":"https:\/\/www.inf.u-szeged.hu\/~mingesz\/wp-json\/wp\/v2\/comments?post=17"}],"version-history":[{"count":2,"href":"https:\/\/www.inf.u-szeged.hu\/~mingesz\/wp-json\/wp\/v2\/pages\/17\/revisions"}],"predecessor-version":[{"id":29,"href":"https:\/\/www.inf.u-szeged.hu\/~mingesz\/wp-json\/wp\/v2\/pages\/17\/revisions\/29"}],"wp:attachment":[{"href":"https:\/\/www.inf.u-szeged.hu\/~mingesz\/wp-json\/wp\/v2\/media?parent=17"}],"curies":[{"name":"wp","href":"https:\/\/api.w.org\/{rel}","templated":true}]}}