{"id":357,"date":"2021-04-04T13:45:22","date_gmt":"2021-04-04T13:45:22","guid":{"rendered":"http:\/\/www.inf.u-szeged.hu\/~mingesz\/?page_id=357"},"modified":"2022-02-06T08:55:08","modified_gmt":"2022-02-06T08:55:08","slug":"laboratoriumi-eszkozok","status":"publish","type":"page","link":"https:\/\/www.inf.u-szeged.hu\/~mingesz\/tananyagok\/laboratoriumi-eszkozok\/","title":{"rendered":"Laborat\u00f3riumi eszk\u00f6z\u00f6k"},"content":{"rendered":"\n<h2 class=\"wp-block-heading\" id=\"altalanos-kiserleti-panelek\">\u00c1ltal\u00e1nos k\u00eds\u00e9rleti panelek<\/h2>\n\n\n\n<ul class=\"wp-block-list\"><li>Power-A<br>T\u00e1pfesz\u00fclts\u00e9g bek\u00f6t\u00e9se \u00e9s tov\u00e1bbvezet\u00e9se<\/li><li>\u00c1tk\u00f6t\u0151 panel<br>T\u00e1pfesz\u00fclts\u00e9g vagy egy\u00e9b jelek tov\u00e1bbvezet\u00e9se (2x \u00e9s 3x t\u00fcsk\u00e9re)<\/li><\/ul>\n\n\n\n<h2 class=\"wp-block-heading\" id=\"analog-kiserleti-panelek\">Anal\u00f3g k\u00eds\u00e9rleti panelek<\/h2>\n\n\n\n<ul class=\"wp-block-list\"><li><a href=\"http:\/\/www.inf.u-szeged.hu\/~mingesz\/tananyagok\/laboratoriumi-eszkozok\/opamp-a\/\">OPAMP-A<\/a><br>Fix 1x, 2x, 5x, 10x \u00e9s 20x er\u0151s\u00edt\u0151panel<\/li><\/ul>\n\n\n\n<h2 class=\"wp-block-heading\" id=\"digitalis-kiserleti-panelek\">Digit\u00e1lis k\u00eds\u00e9rleti panelek<\/h2>\n\n\n\n<ul class=\"wp-block-list\"><li><a href=\"http:\/\/www.inf.u-szeged.hu\/~mingesz\/tananyagok\/laboratoriumi-eszkozok\/flip-flop-a\/\">Flip-Flop-A<\/a><br>IC-k: 2x 74HC74 (2xD latch (\u00e9lvez\u00e9relt)), 74HC574 (8 bit regiszter, \u00e9lvez\u00e9relt)<\/li><li><a href=\"http:\/\/www.inf.u-szeged.hu\/~mingesz\/tananyagok\/laboratoriumi-eszkozok\/galv-a\/\">Galv-A<\/a><br>IC-k: ADuM1201 (galvanikus lev\u00e1laszt\u00e1s), CNY74-2H (optikai lev\u00e1laszt\u00e1s), rel\u00e9<\/li><li><a href=\"http:\/\/www.inf.u-szeged.hu\/~mingesz\/tananyagok\/laboratoriumi-eszkozok\/gates-nand-a\/\">Gates-NAND-A<\/a><br>IC-k: 74HC00 (4&#215;2 NAND), 74HC10 (3&#215;3 NAND), 74HC20 (2&#215;4 NAND)<\/li><li><a href=\"http:\/\/www.inf.u-szeged.hu\/~mingesz\/tananyagok\/laboratoriumi-eszkozok\/gates-not-a\/\">Gates-NOT-A<\/a><br>IC-k: 74HC04 (6xNOT), 74HC14 (6x ST NOT), 74HC126 (4x 3State buffer)<\/li><li><a href=\"http:\/\/www.inf.u-szeged.hu\/~mingesz\/tananyagok\/laboratoriumi-eszkozok\/gates-x-a\/\">Gates-X-A<\/a><br>IC-k: 74HC08 (4&#215;2 AND), 74HC32 (4&#215;2 OR), 74HC86 (4&#215;2 XOR)<\/li><li><a href=\"http:\/\/www.inf.u-szeged.hu\/~mingesz\/tananyagok\/laboratoriumi-eszkozok\/led-a\/\">LED-A<\/a><br>LED-sor, dob\u00f3kocka, keresztez\u0151d\u00e9s<\/li><li><a href=\"http:\/\/www.inf.u-szeged.hu\/~mingesz\/tananyagok\/laboratoriumi-eszkozok\/mx-a\/\">MX-A<\/a><br>IC-k: 74HC151 (multiplexer), 74HC138 (demultipexer), 74HC30 (8 bemenet\u0171 NAND)<\/li><li><a href=\"http:\/\/www.inf.u-szeged.hu\/~mingesz\/tananyagok\/laboratoriumi-eszkozok\/timer-b\/\">Timer-B<\/a><br>IC-k: NE555 (id\u0151z\u00edt\u0151), 2x 74HC393 (2x 4 bit bin\u00e1ris sz\u00e1ml\u00e1l\u00f3), 74HC08 (4&#215;2 AND)<\/li><li><a href=\"http:\/\/www.inf.u-szeged.hu\/~mingesz\/tananyagok\/laboratoriumi-eszkozok\/7sg-a\/\">7sg-A<\/a><br>2 db h\u00e9tszegmenses kijelz\u0151, 74LS47-es meghajt\u00f3<\/li><\/ul>\n\n\n\n<h2 class=\"wp-block-heading\" id=\"specalis-kiserleti-panelek\">Spec\u00e1lis k\u00eds\u00e9rleti panelek<\/h2>\n\n\n\n<ul class=\"wp-block-list\"><li><a href=\"http:\/\/www.inf.u-szeged.hu\/~mingesz\/tananyagok\/laboratoriumi-eszkozok\/proto-a\/\">Proto-A<\/a><br>Protot\u00edpus panel<\/li><li><a href=\"http:\/\/www.inf.u-szeged.hu\/~mingesz\/laboratoriumi-eszkozok\/panel-vezetekellenallas-merese\/\">Vezet\u00e9kellen\u00e1ll\u00e1s m\u00e9r\u00e9se<\/a><\/li><\/ul>\n\n\n\n<h2 class=\"wp-block-heading\" id=\"mechanikai-komponensek\">Mechanikai komponensek<\/h2>\n\n\n\n<ul class=\"wp-block-list\"><li><a href=\"http:\/\/www.inf.u-szeged.hu\/~mingesz\/tananyagok\/laboratoriumi-eszkozok\/paneltarto-keretek\/\">Paneltart\u00f3 keretek<\/a><\/li><\/ul>\n\n\n\n<h2 class=\"wp-block-heading\" id=\"szoftverek\">Szoftverek<\/h2>\n\n\n\n<ul class=\"wp-block-list\"><li><a href=\"http:\/\/www.inf.u-szeged.hu\/~mingesz\/tananyagok\/laboratoriumi-eszkozok\/smu-dmm-current-sweep\/\">SMU-DMM-Current-Sweep<\/a><\/li><\/ul>\n\n\n\nJelen fejleszt\u00e9s a Szegedi Tudom\u00e1nyegyetemen k\u00e9sz\u00fclt az Eur\u00f3pai Uni\u00f3 t\u00e1mogat\u00e1s\u00e1val. Projekt azonos\u00edt\u00f3: EFOP-3.4.3-16-2016-00014\r\n\r\n<img loading=\"lazy\" decoding=\"async\" class=\"alignright size-medium wp-image-210\" src=\"http:\/\/www.inf.u-szeged.hu\/~mingesz\/wp-content\/uploads\/2020\/07\/infoblokk_kedv_final_magyar_CMYK_-ESZA-300x207.jpg\" alt=\"\" width=\"300\" height=\"207\" srcset=\"https:\/\/www.inf.u-szeged.hu\/~mingesz\/wp-content\/uploads\/2020\/07\/infoblokk_kedv_final_magyar_CMYK_-ESZA-300x207.jpg 300w, https:\/\/www.inf.u-szeged.hu\/~mingesz\/wp-content\/uploads\/2020\/07\/infoblokk_kedv_final_magyar_CMYK_-ESZA-768x530.jpg 768w, https:\/\/www.inf.u-szeged.hu\/~mingesz\/wp-content\/uploads\/2020\/07\/infoblokk_kedv_final_magyar_CMYK_-ESZA-624x431.jpg 624w, https:\/\/www.inf.u-szeged.hu\/~mingesz\/wp-content\/uploads\/2020\/07\/infoblokk_kedv_final_magyar_CMYK_-ESZA.jpg 1024w\" sizes=\"auto, (max-width: 300px) 100vw, 300px\" \/>\n","protected":false},"excerpt":{"rendered":"<p>\u00c1ltal\u00e1nos k\u00eds\u00e9rleti panelek Power-AT\u00e1pfesz\u00fclts\u00e9g bek\u00f6t\u00e9se \u00e9s tov\u00e1bbvezet\u00e9se \u00c1tk\u00f6t\u0151 panelT\u00e1pfesz\u00fclts\u00e9g vagy egy\u00e9b jelek tov\u00e1bbvezet\u00e9se (2x \u00e9s 3x t\u00fcsk\u00e9re) Anal\u00f3g k\u00eds\u00e9rleti panelek OPAMP-AFix 1x, 2x, 5x, 10x \u00e9s 20x er\u0151s\u00edt\u0151panel Digit\u00e1lis k\u00eds\u00e9rleti panelek Flip-Flop-AIC-k: 2x 74HC74 (2xD latch (\u00e9lvez\u00e9relt)), 74HC574 (8 bit regiszter, \u00e9lvez\u00e9relt) Galv-AIC-k: ADuM1201 (galvanikus lev\u00e1laszt\u00e1s), CNY74-2H (optikai lev\u00e1laszt\u00e1s), rel\u00e9 Gates-NAND-AIC-k: 74HC00 (4&#215;2 NAND), 74HC10 [&hellip;]<\/p>\n","protected":false},"author":1,"featured_media":0,"parent":106,"menu_order":0,"comment_status":"closed","ping_status":"closed","template":"","meta":{"inline_featured_image":false,"footnotes":""},"class_list":["post-357","page","type-page","status-publish","hentry"],"_links":{"self":[{"href":"https:\/\/www.inf.u-szeged.hu\/~mingesz\/wp-json\/wp\/v2\/pages\/357","targetHints":{"allow":["GET"]}}],"collection":[{"href":"https:\/\/www.inf.u-szeged.hu\/~mingesz\/wp-json\/wp\/v2\/pages"}],"about":[{"href":"https:\/\/www.inf.u-szeged.hu\/~mingesz\/wp-json\/wp\/v2\/types\/page"}],"author":[{"embeddable":true,"href":"https:\/\/www.inf.u-szeged.hu\/~mingesz\/wp-json\/wp\/v2\/users\/1"}],"replies":[{"embeddable":true,"href":"https:\/\/www.inf.u-szeged.hu\/~mingesz\/wp-json\/wp\/v2\/comments?post=357"}],"version-history":[{"count":17,"href":"https:\/\/www.inf.u-szeged.hu\/~mingesz\/wp-json\/wp\/v2\/pages\/357\/revisions"}],"predecessor-version":[{"id":680,"href":"https:\/\/www.inf.u-szeged.hu\/~mingesz\/wp-json\/wp\/v2\/pages\/357\/revisions\/680"}],"up":[{"embeddable":true,"href":"https:\/\/www.inf.u-szeged.hu\/~mingesz\/wp-json\/wp\/v2\/pages\/106"}],"wp:attachment":[{"href":"https:\/\/www.inf.u-szeged.hu\/~mingesz\/wp-json\/wp\/v2\/media?parent=357"}],"curies":[{"name":"wp","href":"https:\/\/api.w.org\/{rel}","templated":true}]}}