{"id":49,"date":"2020-02-26T19:42:08","date_gmt":"2020-02-26T19:42:08","guid":{"rendered":"http:\/\/www.inf.u-szeged.hu\/~mingesz\/?page_id=49"},"modified":"2020-07-19T08:31:26","modified_gmt":"2020-07-19T08:31:26","slug":"education-elab","status":"publish","type":"page","link":"https:\/\/www.inf.u-szeged.hu\/~mingesz\/education\/education-courses\/education-elab\/","title":{"rendered":"Elektronika I. laborat\u00f3riumi gyakorlat"},"content":{"rendered":"\n<p>A kurzus az Elektronika I. el\u0151ad\u00e1s t\u00e9mak\u00f6reihez szorosan k\u00f6t\u0151dik, a legfontosabb ismeretek jobb meg\u00e9rt\u00e9s\u00e9t, alkalmaz\u00e1si k\u00e9pess\u00e9gek kialak\u00edt\u00e1s\u00e1t seg\u00edtik. A gyakorlatokon a hallgat\u00f3k sz\u00e1mol\u00e1si, k\u00eds\u00e9rletez\u00e9si \u00e9s m\u00e9r\u00e9si feladatokat is megoldanak.<\/p>\n\n\n\n<p> Aktu\u00e1lis \u00e9rt\u00e9kel\u00e9s, szab\u00e1lyzat, valamint kapcsol\u00f3d\u00f3 tananyagok a CooSpace-en \u00e9rhet\u0151k el. <\/p>\n\n\n\n<h2 class=\"wp-block-heading\">Tematika<\/h2>\n\n\n\n<ul class=\"wp-block-list\"><li>T\u0171z \u00e9s munkav\u00e9delmi ismeretek<\/li><li>Elektronikai sz\u00e1mol\u00e1sok, \u00e1ramk\u00f6rszimul\u00e1torok<\/li><li>Multim\u00e9terek, oszcilloszk\u00f3pok, t\u00e1pegys\u00e9gek haszn\u00e1lata<\/li><li>H\u00e1l\u00f3zati sz\u00e1mol\u00e1sok \u00e9s m\u00e9r\u00e9sek<\/li><li>V\u00e1ltakoz\u00f3 jelek, sz\u0171r\u0151k\u00f6r\u00f6k<\/li><li>F\u00e9lvezet\u0151 eszk\u00f6z\u00f6k, di\u00f3d\u00e1k, tranzisztorok<\/li><li>M\u0171veleti er\u0151s\u00edt\u0151k<\/li><\/ul>\n","protected":false},"excerpt":{"rendered":"<p>A kurzus az Elektronika I. el\u0151ad\u00e1s t\u00e9mak\u00f6reihez szorosan k\u00f6t\u0151dik, a legfontosabb ismeretek jobb meg\u00e9rt\u00e9s\u00e9t, alkalmaz\u00e1si k\u00e9pess\u00e9gek kialak\u00edt\u00e1s\u00e1t seg\u00edtik. A gyakorlatokon a hallgat\u00f3k sz\u00e1mol\u00e1si, k\u00eds\u00e9rletez\u00e9si \u00e9s m\u00e9r\u00e9si feladatokat is megoldanak. Aktu\u00e1lis \u00e9rt\u00e9kel\u00e9s, szab\u00e1lyzat, valamint kapcsol\u00f3d\u00f3 tananyagok a CooSpace-en \u00e9rhet\u0151k el. Tematika T\u0171z \u00e9s munkav\u00e9delmi ismeretek Elektronikai sz\u00e1mol\u00e1sok, \u00e1ramk\u00f6rszimul\u00e1torok Multim\u00e9terek, oszcilloszk\u00f3pok, t\u00e1pegys\u00e9gek haszn\u00e1lata H\u00e1l\u00f3zati sz\u00e1mol\u00e1sok \u00e9s m\u00e9r\u00e9sek [&hellip;]<\/p>\n","protected":false},"author":1,"featured_media":0,"parent":68,"menu_order":0,"comment_status":"closed","ping_status":"closed","template":"","meta":{"inline_featured_image":false,"footnotes":""},"class_list":["post-49","page","type-page","status-publish","hentry"],"_links":{"self":[{"href":"https:\/\/www.inf.u-szeged.hu\/~mingesz\/wp-json\/wp\/v2\/pages\/49","targetHints":{"allow":["GET"]}}],"collection":[{"href":"https:\/\/www.inf.u-szeged.hu\/~mingesz\/wp-json\/wp\/v2\/pages"}],"about":[{"href":"https:\/\/www.inf.u-szeged.hu\/~mingesz\/wp-json\/wp\/v2\/types\/page"}],"author":[{"embeddable":true,"href":"https:\/\/www.inf.u-szeged.hu\/~mingesz\/wp-json\/wp\/v2\/users\/1"}],"replies":[{"embeddable":true,"href":"https:\/\/www.inf.u-szeged.hu\/~mingesz\/wp-json\/wp\/v2\/comments?post=49"}],"version-history":[{"count":2,"href":"https:\/\/www.inf.u-szeged.hu\/~mingesz\/wp-json\/wp\/v2\/pages\/49\/revisions"}],"predecessor-version":[{"id":51,"href":"https:\/\/www.inf.u-szeged.hu\/~mingesz\/wp-json\/wp\/v2\/pages\/49\/revisions\/51"}],"up":[{"embeddable":true,"href":"https:\/\/www.inf.u-szeged.hu\/~mingesz\/wp-json\/wp\/v2\/pages\/68"}],"wp:attachment":[{"href":"https:\/\/www.inf.u-szeged.hu\/~mingesz\/wp-json\/wp\/v2\/media?parent=49"}],"curies":[{"name":"wp","href":"https:\/\/api.w.org\/{rel}","templated":true}]}}