{"id":52,"date":"2020-02-26T19:43:51","date_gmt":"2020-02-26T19:43:51","guid":{"rendered":"http:\/\/www.inf.u-szeged.hu\/~mingesz\/?page_id=52"},"modified":"2020-07-19T08:31:33","modified_gmt":"2020-07-19T08:31:33","slug":"education-fel","status":"publish","type":"page","link":"https:\/\/www.inf.u-szeged.hu\/~mingesz\/education\/education-courses\/education-fel\/","title":{"rendered":"Fejezetek az elektronik\u00e1b\u00f3l laborat\u00f3riumi gyakorlat"},"content":{"rendered":"\n<p>A kurzus tehets\u00e9ggondoz\u00f3s kurzus, ennek megfelel\u0151en c\u00e9lja a kiemelked\u0151en\ntehets\u00e9ges hallgat\u00f3k \u00faj ismeretekkel, k\u00e9szs\u00e9gekkel val\u00f3 ell\u00e1t\u00e1sa.<\/p>\n\n\n\n<p>A kurzus sor\u00e1n a hallgat\u00f3k \u00e9rdekes kapcsol\u00e1sok\n\u00f6ssze\u00e1ll\u00edt\u00e1s\u00e1val, valamint tesztel\u00e9s\u00e9vel ismerkedhetnek meg az elektronika\nsz\u00e9ps\u00e9geivel. A gyakorlatok sor\u00e1n a hallgat\u00f3 \u00e1ltal v\u00e1lasztott k\u00eds\u00e9rletekre,\nprojektekre is van id\u0151. A kurzus sor\u00e1n t\u00f6bbek k\u00f6z\u00f6tt a k\u00f6vetkez\u0151k ker\u00fclnek el\u0151:\n<\/p>\n\n\n\n<ul class=\"wp-block-list\"><li>\u00c1ramk\u00f6rszimul\u00e1tor szoftverek<\/li><li>Sz\u00e1m\u00edt\u00f3g\u00e9ppel v\u00e9gzett m\u00e9r\u00e9sek<\/li><li>PC oszcilloszk\u00f3p<\/li><li>Kapcsol\u00e1sok Arduinoval<\/li><\/ul>\n\n\n\n<p> A kurzus felv\u00e9tel\u00e9nek felt\u00e9tele: 2. f\u00e9l\u00e9ves, tanterv szerint halad\u00e1s, legal\u00e1bb 30 teljes\u00edtett kredit, legal\u00e1bb 4-es \u00e1tlag (l\u00e9nyeg\u00e9ben megfelel a TG felt\u00e9teleinek). A kurzusra, egy\u00e9ni elb\u00edr\u00e1l\u00e1s alapj\u00e1n tov\u00e1bbi hallgat\u00f3k is j\u00e1rhatnak (a kulcssz\u00f3 tov\u00e1bbra is a kiemelked\u0151en tehets\u00e9ges). <\/p>\n\n\n\n<p> Aktu\u00e1lis \u00e9rt\u00e9kel\u00e9s, szab\u00e1lyzat, valamint kapcsol\u00f3d\u00f3 tananyagok a CooSpace-en \u00e9rhet\u0151k el. <\/p>\n\n\n\n<h2 class=\"wp-block-heading\">Tematika<\/h2>\n\n\n\n<ul class=\"wp-block-list\"><li>Forraszt\u00e1s<\/li><li>Egyszer\u0171 m\u00e9r\u00e9sek \u00e9s sz\u00e1mol\u00e1sok,\n\u00e1ramk\u00f6rszimul\u00e1torok<\/li><li>M\u00e9r\u00e9sek oszcilloszk\u00f3pokkal<\/li><li>Arduino haszn\u00e1lata elektronikai kapcsol\u00e1sokban<\/li><li>Di\u00f3d\u00e1k, tranzisztorok<\/li><li>Teljes\u00edtm\u00e9ny-kapcsol\u00e1sok<\/li><li>Kapcsol\u00e1sok m\u0171veleti er\u0151s\u00edt\u0151vel<\/li><li>Projektfeladatok<\/li><\/ul>\n","protected":false},"excerpt":{"rendered":"<p>A kurzus tehets\u00e9ggondoz\u00f3s kurzus, ennek megfelel\u0151en c\u00e9lja a kiemelked\u0151en tehets\u00e9ges hallgat\u00f3k \u00faj ismeretekkel, k\u00e9szs\u00e9gekkel val\u00f3 ell\u00e1t\u00e1sa. A kurzus sor\u00e1n a hallgat\u00f3k \u00e9rdekes kapcsol\u00e1sok \u00f6ssze\u00e1ll\u00edt\u00e1s\u00e1val, valamint tesztel\u00e9s\u00e9vel ismerkedhetnek meg az elektronika sz\u00e9ps\u00e9geivel. A gyakorlatok sor\u00e1n a hallgat\u00f3 \u00e1ltal v\u00e1lasztott k\u00eds\u00e9rletekre, projektekre is van id\u0151. A kurzus sor\u00e1n t\u00f6bbek k\u00f6z\u00f6tt a k\u00f6vetkez\u0151k ker\u00fclnek el\u0151: \u00c1ramk\u00f6rszimul\u00e1tor szoftverek Sz\u00e1m\u00edt\u00f3g\u00e9ppel [&hellip;]<\/p>\n","protected":false},"author":1,"featured_media":0,"parent":68,"menu_order":0,"comment_status":"closed","ping_status":"closed","template":"","meta":{"inline_featured_image":false,"footnotes":""},"class_list":["post-52","page","type-page","status-publish","hentry"],"_links":{"self":[{"href":"https:\/\/www.inf.u-szeged.hu\/~mingesz\/wp-json\/wp\/v2\/pages\/52","targetHints":{"allow":["GET"]}}],"collection":[{"href":"https:\/\/www.inf.u-szeged.hu\/~mingesz\/wp-json\/wp\/v2\/pages"}],"about":[{"href":"https:\/\/www.inf.u-szeged.hu\/~mingesz\/wp-json\/wp\/v2\/types\/page"}],"author":[{"embeddable":true,"href":"https:\/\/www.inf.u-szeged.hu\/~mingesz\/wp-json\/wp\/v2\/users\/1"}],"replies":[{"embeddable":true,"href":"https:\/\/www.inf.u-szeged.hu\/~mingesz\/wp-json\/wp\/v2\/comments?post=52"}],"version-history":[{"count":1,"href":"https:\/\/www.inf.u-szeged.hu\/~mingesz\/wp-json\/wp\/v2\/pages\/52\/revisions"}],"predecessor-version":[{"id":54,"href":"https:\/\/www.inf.u-szeged.hu\/~mingesz\/wp-json\/wp\/v2\/pages\/52\/revisions\/54"}],"up":[{"embeddable":true,"href":"https:\/\/www.inf.u-szeged.hu\/~mingesz\/wp-json\/wp\/v2\/pages\/68"}],"wp:attachment":[{"href":"https:\/\/www.inf.u-szeged.hu\/~mingesz\/wp-json\/wp\/v2\/media?parent=52"}],"curies":[{"name":"wp","href":"https:\/\/api.w.org\/{rel}","templated":true}]}}