{"id":57,"date":"2020-02-26T19:49:42","date_gmt":"2020-02-26T19:49:42","guid":{"rendered":"http:\/\/www.inf.u-szeged.hu\/~mingesz\/?page_id=57"},"modified":"2021-09-05T13:52:00","modified_gmt":"2021-09-05T13:52:00","slug":"education-mmt","status":"publish","type":"page","link":"https:\/\/www.inf.u-szeged.hu\/~mingesz\/education-mmt\/","title":{"rendered":"Modern m\u00e9r\u00e9stechnika"},"content":{"rendered":"\n<p>A kurzus sor\u00e1n a hallgat\u00f3k megismerkedhetnek a modern m\u00e9r\u0151m\u0171szerek m\u0171k\u00f6d\u00e9s\u00e9vel, tulajdons\u00e1gaival valamint haszn\u00e1latukkal. Ezek mellett, f\u0151leg a laboron, megtanulhatj\u00e1k ezen m\u0171szerek programoz\u00e1s\u00e1t, valamint a modern adatfeldolgoz\u00e1si m\u00f3dszereket.<\/p>\n\n\n\n<p> Aktu\u00e1lis \u00e9rt\u00e9kel\u00e9s, szab\u00e1lyzat, valamint kapcsol\u00f3d\u00f3 tananyagok a CooSpace-en \u00e9rhet\u0151k el. <\/p>\n\n\n\n<h2 class=\"wp-block-heading\">Tematika<\/h2>\n\n\n\n<ul class=\"wp-block-list\"><li>M\u00e9r\u00e9selm\u00e9leti alapok<\/li><li>M\u0171szerek fel\u00e9p\u00edt\u00e9se, oszt\u00e1lyoz\u00e1sa, p\u00e9ld\u00e1k m\u0171szerekre<\/li><li>M\u0171szerkomponensek, m\u0171szerek hib\u00e1i<\/li><li>Mintav\u00e9telez\u00e9ses m\u00e9r\u00e9s, anti-aliasing sz\u0171r\u00e9s<\/li><li>Multim\u00e9terek \u00e9s digit\u00e1lis oszcilloszk\u00f3pok<\/li><li>Digit\u00e1lis jelfeldolgoz\u00e1s m\u00e9r\u00e9stechnikai alkalmaz\u00e1sai<\/li><li>Mintav\u00e9telezett jelek spektr\u00e1lis anal\u00edzise. Id\u0151f\u00fcgg\u0151 spektr\u00e1lis anal\u00edzis<\/li><li>Digit\u00e1lis sz\u0171r\u0151k. Konvol\u00faci\u00f3 \u00e9s dekonvol\u00faci\u00f3.<\/li><li>A digit\u00e1lis jelszint\u00e9zis, DDS jelgener\u00e1l\u00e1s, anti-imaging sz\u0171r\u00e9s, sin(x)\/x kompenz\u00e1l\u00e1s<\/li><li>Lock-in m\u00e9r\u00e9stechnika, modul\u00e1ci\u00f3 \u00e9s demodul\u00e1ci\u00f3<\/li><li>Modern szenzorok \u00e9s aktu\u00e1torok<\/li><li>Adatgy\u0171jt\u0151 rendszerek, szoftver-defini\u00e1lt m\u0171szerek<\/li><\/ul>\n\n\n\n<p>A gyakorlat tartalma: <a href=\"http:\/\/www.inf.u-szeged.hu\/~mingesz\/education\/education-courses\/mmtl\/\">Modern m\u00e9r\u00e9stechnika laborat\u00f3riumi gyakorlat<\/a><\/p>\n","protected":false},"excerpt":{"rendered":"<p>A kurzus sor\u00e1n a hallgat\u00f3k megismerkedhetnek a modern m\u00e9r\u0151m\u0171szerek m\u0171k\u00f6d\u00e9s\u00e9vel, tulajdons\u00e1gaival valamint haszn\u00e1latukkal. Ezek mellett, f\u0151leg a laboron, megtanulhatj\u00e1k ezen m\u0171szerek programoz\u00e1s\u00e1t, valamint a modern adatfeldolgoz\u00e1si m\u00f3dszereket. Aktu\u00e1lis \u00e9rt\u00e9kel\u00e9s, szab\u00e1lyzat, valamint kapcsol\u00f3d\u00f3 tananyagok a CooSpace-en \u00e9rhet\u0151k el. Tematika M\u00e9r\u00e9selm\u00e9leti alapok M\u0171szerek fel\u00e9p\u00edt\u00e9se, oszt\u00e1lyoz\u00e1sa, p\u00e9ld\u00e1k m\u0171szerekre M\u0171szerkomponensek, m\u0171szerek hib\u00e1i Mintav\u00e9telez\u00e9ses m\u00e9r\u00e9s, anti-aliasing sz\u0171r\u00e9s Multim\u00e9terek \u00e9s digit\u00e1lis [&hellip;]<\/p>\n","protected":false},"author":1,"featured_media":0,"parent":0,"menu_order":0,"comment_status":"closed","ping_status":"closed","template":"","meta":{"inline_featured_image":false,"footnotes":""},"class_list":["post-57","page","type-page","status-publish","hentry"],"_links":{"self":[{"href":"https:\/\/www.inf.u-szeged.hu\/~mingesz\/wp-json\/wp\/v2\/pages\/57","targetHints":{"allow":["GET"]}}],"collection":[{"href":"https:\/\/www.inf.u-szeged.hu\/~mingesz\/wp-json\/wp\/v2\/pages"}],"about":[{"href":"https:\/\/www.inf.u-szeged.hu\/~mingesz\/wp-json\/wp\/v2\/types\/page"}],"author":[{"embeddable":true,"href":"https:\/\/www.inf.u-szeged.hu\/~mingesz\/wp-json\/wp\/v2\/users\/1"}],"replies":[{"embeddable":true,"href":"https:\/\/www.inf.u-szeged.hu\/~mingesz\/wp-json\/wp\/v2\/comments?post=57"}],"version-history":[{"count":3,"href":"https:\/\/www.inf.u-szeged.hu\/~mingesz\/wp-json\/wp\/v2\/pages\/57\/revisions"}],"predecessor-version":[{"id":471,"href":"https:\/\/www.inf.u-szeged.hu\/~mingesz\/wp-json\/wp\/v2\/pages\/57\/revisions\/471"}],"wp:attachment":[{"href":"https:\/\/www.inf.u-szeged.hu\/~mingesz\/wp-json\/wp\/v2\/media?parent=57"}],"curies":[{"name":"wp","href":"https:\/\/api.w.org\/{rel}","templated":true}]}}