{"id":60,"date":"2020-02-26T19:51:33","date_gmt":"2020-02-26T19:51:33","guid":{"rendered":"http:\/\/www.inf.u-szeged.hu\/~mingesz\/?page_id=60"},"modified":"2020-07-19T08:32:31","modified_gmt":"2020-07-19T08:32:31","slug":"education-sdr-phd","status":"publish","type":"page","link":"https:\/\/www.inf.u-szeged.hu\/~mingesz\/education\/education-courses\/education-sdr-phd\/","title":{"rendered":"Szoftver defini\u00e1lt r\u00e1di\u00f3frekvenci\u00e1s eszk\u00f6z\u00f6k \u00e9s alkalmaz\u00e1saik"},"content":{"rendered":"\n<p>A kurzus sor\u00e1n a hallgat\u00f3k megismerkedjenek a szoftver\ndefini\u00e1lt r\u00e1di\u00f3 eszk\u00f6z\u00f6k (SDR) elm\u00e9let\u00e9vel \u00e9s haszn\u00e1lat\u00e1val. Az elm\u00e9let mellett\ngyakorlatias foglalkoz\u00e1sok is lesznek a f\u00e9l\u00e9v sor\u00e1n, ahol a hallgat\u00f3k\nhaszn\u00e1latba vehetik az RF m\u00e9r\u00e9stechnik\u00e1ban haszn\u00e1lt eszk\u00f6z\u00f6ket, illetve az NI\n\u00e1ltal gy\u00e1rtott SDR eszk\u00f6z\u00f6ket.<\/p>\n\n\n\n<p>A kurzust csak azoknak aj\u00e1nljuk, akik ismerik a LabVIEW programoz\u00e1si k\u00f6rnyezetet \u00e9s azt hosszabb ideje haszn\u00e1lj\u00e1k is.<\/p>\n\n\n\n<p> Aktu\u00e1lis \u00e9rt\u00e9kel\u00e9s, szab\u00e1lyzat, valamint kapcsol\u00f3d\u00f3 tananyagok a CooSpace-en \u00e9rhet\u0151k el. <\/p>\n\n\n\n<h2 class=\"wp-block-heading\">Tematika<\/h2>\n\n\n\n<ul class=\"wp-block-list\"><li>RF jelfeldolgoz\u00e1s \u00e9s m\u00e9r\u00e9stechnika alapjai<\/li><li>Szoftver defini\u00e1lt r\u00e1di\u00f3frekvenci\u00e1s eszk\u00f6z\u00f6k\n(SDR)<\/li><li>LabVIEW Communications toolkit haszn\u00e1lata<\/li><li>Az NI USRP platform fel\u00e9p\u00edt\u00e9se, haszn\u00e1lata<\/li><li>K\u00fcl\u00f6nb\u00f6z\u0151 RF modul\u00e1ci\u00f3s technik\u00e1k elm\u00e9lete \u00e9s\nmegval\u00f3s\u00edt\u00e1sa<\/li><li>Val\u00f3s idej\u0171 RF jelfeldolgoz\u00e1s<\/li><li>RF HIL rendszerek<\/li><li>EMC vizsg\u00e1latok SDR eszk\u00f6z\u00f6kkel<\/li><\/ul>\n","protected":false},"excerpt":{"rendered":"<p>A kurzus sor\u00e1n a hallgat\u00f3k megismerkedjenek a szoftver defini\u00e1lt r\u00e1di\u00f3 eszk\u00f6z\u00f6k (SDR) elm\u00e9let\u00e9vel \u00e9s haszn\u00e1lat\u00e1val. Az elm\u00e9let mellett gyakorlatias foglalkoz\u00e1sok is lesznek a f\u00e9l\u00e9v sor\u00e1n, ahol a hallgat\u00f3k haszn\u00e1latba vehetik az RF m\u00e9r\u00e9stechnik\u00e1ban haszn\u00e1lt eszk\u00f6z\u00f6ket, illetve az NI \u00e1ltal gy\u00e1rtott SDR eszk\u00f6z\u00f6ket. A kurzust csak azoknak aj\u00e1nljuk, akik ismerik a LabVIEW programoz\u00e1si k\u00f6rnyezetet \u00e9s azt [&hellip;]<\/p>\n","protected":false},"author":1,"featured_media":0,"parent":68,"menu_order":0,"comment_status":"closed","ping_status":"closed","template":"","meta":{"inline_featured_image":false,"footnotes":""},"class_list":["post-60","page","type-page","status-publish","hentry"],"_links":{"self":[{"href":"https:\/\/www.inf.u-szeged.hu\/~mingesz\/wp-json\/wp\/v2\/pages\/60","targetHints":{"allow":["GET"]}}],"collection":[{"href":"https:\/\/www.inf.u-szeged.hu\/~mingesz\/wp-json\/wp\/v2\/pages"}],"about":[{"href":"https:\/\/www.inf.u-szeged.hu\/~mingesz\/wp-json\/wp\/v2\/types\/page"}],"author":[{"embeddable":true,"href":"https:\/\/www.inf.u-szeged.hu\/~mingesz\/wp-json\/wp\/v2\/users\/1"}],"replies":[{"embeddable":true,"href":"https:\/\/www.inf.u-szeged.hu\/~mingesz\/wp-json\/wp\/v2\/comments?post=60"}],"version-history":[{"count":1,"href":"https:\/\/www.inf.u-szeged.hu\/~mingesz\/wp-json\/wp\/v2\/pages\/60\/revisions"}],"predecessor-version":[{"id":62,"href":"https:\/\/www.inf.u-szeged.hu\/~mingesz\/wp-json\/wp\/v2\/pages\/60\/revisions\/62"}],"up":[{"embeddable":true,"href":"https:\/\/www.inf.u-szeged.hu\/~mingesz\/wp-json\/wp\/v2\/pages\/68"}],"wp:attachment":[{"href":"https:\/\/www.inf.u-szeged.hu\/~mingesz\/wp-json\/wp\/v2\/media?parent=60"}],"curies":[{"name":"wp","href":"https:\/\/api.w.org\/{rel}","templated":true}]}}