{"id":64,"date":"2020-02-26T19:53:32","date_gmt":"2020-02-26T19:53:32","guid":{"rendered":"http:\/\/www.inf.u-szeged.hu\/~mingesz\/?page_id=64"},"modified":"2020-07-19T08:31:03","modified_gmt":"2020-07-19T08:31:03","slug":"education-vim-phd","status":"publish","type":"page","link":"https:\/\/www.inf.u-szeged.hu\/~mingesz\/education\/education-courses\/education-vim-phd\/","title":{"rendered":"Val\u00f3s idej\u0171 m\u00e9r\u00e9sek \u00e9s szab\u00e1lyoz\u00e1sok"},"content":{"rendered":"\n<p>A kurzus sor\u00e1n a hallgat\u00f3k megismerkedjenek a val\u00f3s idej\u0171\nm\u00e9r\u00e9sek \u00e9s szab\u00e1lyoz\u00e1sok m\u00f3dszereivel, mind elm\u00e9letben, mind gyakorlatban. A\nkurzus sor\u00e1n az NI \u00e1ltal gy\u00e1rtott val\u00f3s idej\u0171 rendszerek kapnak d\u00f6nt\u0151 szerepet.\nA kurzus sor\u00e1n lesznek el\u0151ad\u00e1sok, gyakorlati feladatok, lehet\u0151s\u00e9g el\u0151ad\u00e1s\ntart\u00e1s\u00e1ra. Az \u00e9rt\u00e9kel\u00e9s alapj\u00e1t egy megval\u00f3s\u00edtott projektmunka adja.<\/p>\n\n\n\n<p>A kurzust csak azoknak aj\u00e1nljuk, akik ismerik a LabVIEW programoz\u00e1si k\u00f6rnyezetet \u00e9s azt hosszabb ideje haszn\u00e1lj\u00e1k is.<\/p>\n\n\n\n<p> Aktu\u00e1lis \u00e9rt\u00e9kel\u00e9s, szab\u00e1lyzat, valamint kapcsol\u00f3d\u00f3 tananyagok a CooSpace-en \u00e9rhet\u0151k el. <\/p>\n\n\n\n<h2 class=\"wp-block-heading\">Tematika<\/h2>\n\n\n\n<ul class=\"wp-block-list\"><li>Val\u00f3s idej\u0171 rendszerek \u00e1ltal\u00e1nos jellemz\u0151i.<\/li><li>National Instruments \u00e1ltal gy\u00e1rtott val\u00f3s idej\u0171\nplatformok architekt\u00far\u00e1ja.<\/li><li>Numerikus szimul\u00e1ci\u00f3k v\u00e9gz\u00e9se a Simulation\ntoolkit seg\u00edts\u00e9g\u00e9vel. Szimul\u00e1ci\u00f3 szinkroniz\u00e1l\u00e1sa az I\/O v\u00e1ltoz\u00f3kkal.<\/li><li>Inter-process kommunik\u00e1ci\u00f3 lehet\u0151s\u00e9gei a val\u00f3s\nidej\u0171 hardveren.<\/li><li>Kommunik\u00e1ci\u00f3 a sz\u00e1m\u00edt\u00f3g\u00e9ppel.<\/li><li>FPGA programoz\u00e1sa, kommunik\u00e1ci\u00f3 az FPGA maggal.<\/li><li>HIL rendszerek jellemz\u0151i, megval\u00f3s\u00edt\u00e1suk.<\/li><li>Val\u00f3s idej\u0171 RF kommunik\u00e1ci\u00f3<\/li><\/ul>\n","protected":false},"excerpt":{"rendered":"<p>A kurzus sor\u00e1n a hallgat\u00f3k megismerkedjenek a val\u00f3s idej\u0171 m\u00e9r\u00e9sek \u00e9s szab\u00e1lyoz\u00e1sok m\u00f3dszereivel, mind elm\u00e9letben, mind gyakorlatban. A kurzus sor\u00e1n az NI \u00e1ltal gy\u00e1rtott val\u00f3s idej\u0171 rendszerek kapnak d\u00f6nt\u0151 szerepet. A kurzus sor\u00e1n lesznek el\u0151ad\u00e1sok, gyakorlati feladatok, lehet\u0151s\u00e9g el\u0151ad\u00e1s tart\u00e1s\u00e1ra. Az \u00e9rt\u00e9kel\u00e9s alapj\u00e1t egy megval\u00f3s\u00edtott projektmunka adja. A kurzust csak azoknak aj\u00e1nljuk, akik ismerik a [&hellip;]<\/p>\n","protected":false},"author":1,"featured_media":0,"parent":68,"menu_order":0,"comment_status":"closed","ping_status":"closed","template":"","meta":{"inline_featured_image":false,"footnotes":""},"class_list":["post-64","page","type-page","status-publish","hentry"],"_links":{"self":[{"href":"https:\/\/www.inf.u-szeged.hu\/~mingesz\/wp-json\/wp\/v2\/pages\/64","targetHints":{"allow":["GET"]}}],"collection":[{"href":"https:\/\/www.inf.u-szeged.hu\/~mingesz\/wp-json\/wp\/v2\/pages"}],"about":[{"href":"https:\/\/www.inf.u-szeged.hu\/~mingesz\/wp-json\/wp\/v2\/types\/page"}],"author":[{"embeddable":true,"href":"https:\/\/www.inf.u-szeged.hu\/~mingesz\/wp-json\/wp\/v2\/users\/1"}],"replies":[{"embeddable":true,"href":"https:\/\/www.inf.u-szeged.hu\/~mingesz\/wp-json\/wp\/v2\/comments?post=64"}],"version-history":[{"count":1,"href":"https:\/\/www.inf.u-szeged.hu\/~mingesz\/wp-json\/wp\/v2\/pages\/64\/revisions"}],"predecessor-version":[{"id":65,"href":"https:\/\/www.inf.u-szeged.hu\/~mingesz\/wp-json\/wp\/v2\/pages\/64\/revisions\/65"}],"up":[{"embeddable":true,"href":"https:\/\/www.inf.u-szeged.hu\/~mingesz\/wp-json\/wp\/v2\/pages\/68"}],"wp:attachment":[{"href":"https:\/\/www.inf.u-szeged.hu\/~mingesz\/wp-json\/wp\/v2\/media?parent=64"}],"curies":[{"name":"wp","href":"https:\/\/api.w.org\/{rel}","templated":true}]}}