{"id":164,"date":"2020-06-05T11:20:26","date_gmt":"2020-06-05T11:20:26","guid":{"rendered":"http:\/\/www.inf.u-szeged.hu\/~ssip\/2020\/?page_id=164"},"modified":"2020-07-13T06:21:22","modified_gmt":"2020-07-13T06:21:22","slug":"registered-students","status":"publish","type":"page","link":"https:\/\/www.inf.u-szeged.hu\/~ssip\/2020\/index.php\/registered-students\/","title":{"rendered":"Registered Students"},"content":{"rendered":"\n<figure class=\"wp-block-table\"><table><tbody><tr><td class=\"has-text-align-center\" data-align=\"center\"><strong>Name<\/strong><\/td><td class=\"has-text-align-center\" data-align=\"center\"><strong>Affiliation<\/strong><\/td><td><strong>Country<\/strong><\/td><\/tr><tr><td class=\"has-text-align-center\" data-align=\"center\">Julian Krygel<\/td><td class=\"has-text-align-center\" data-align=\"center\">Queen&#8217;s University<\/td><td>Canada<\/td><\/tr><tr><td class=\"has-text-align-center\" data-align=\"center\">N\u00f3ra R\u00e1polti<\/td><td class=\"has-text-align-center\" data-align=\"center\">University of Szeged<\/td><td>Hungary<\/td><\/tr><tr><td class=\"has-text-align-center\" data-align=\"center\">Alice Santilli<\/td><td class=\"has-text-align-center\" data-align=\"center\">Queen&#8217;s University<\/td><td>Canada<\/td><\/tr><tr><td class=\"has-text-align-center\" data-align=\"center\">Korn\u00e9l Kothencz<\/td><td class=\"has-text-align-center\" data-align=\"center\">University of Szeged<\/td><td>Hungary<\/td><\/tr><tr><td class=\"has-text-align-center\" data-align=\"center\">\u00c1gnes Vida<\/td><td class=\"has-text-align-center\" data-align=\"center\">University of Szeged<\/td><td>Hungary<\/td><\/tr><tr><td class=\"has-text-align-center\" data-align=\"center\">Athena Taymourtash<\/td><td class=\"has-text-align-center\" data-align=\"center\">Medical University of Vienna<\/td><td>Austria<\/td><\/tr><tr><td class=\"has-text-align-center\" data-align=\"center\">D\u00e1niel Bodn\u00e1r<\/td><td class=\"has-text-align-center\" data-align=\"center\">University of Szeged<\/td><td>Hungary<\/td><\/tr><tr><td class=\"has-text-align-center\" data-align=\"center\">Tamara Kopanja<\/td><td class=\"has-text-align-center\" data-align=\"center\">University of Novi Sad<\/td><td>Serbia<\/td><\/tr><tr><td class=\"has-text-align-center\" data-align=\"center\">Bojing Jia<\/td><td class=\"has-text-align-center\" data-align=\"center\">UC San Diego<\/td><td>United States<\/td><\/tr><tr><td class=\"has-text-align-center\" data-align=\"center\">Kata R\u00e1cz<\/td><td class=\"has-text-align-center\" data-align=\"center\">University Of Szeged<\/td><td>Hungary<\/td><\/tr><tr><td class=\"has-text-align-center\" data-align=\"center\">Sahar Mahmoudi<\/td><td class=\"has-text-align-center\" data-align=\"center\">Universit\u00e9 Libre de Bruxelles<\/td><td>Belgium<\/td><\/tr><tr><td class=\"has-text-align-center\" data-align=\"center\">John Gyim\u00f3thi<\/td><td class=\"has-text-align-center\" data-align=\"center\">University Of Szeged<\/td><td>Hungary<\/td><\/tr><tr><td class=\"has-text-align-center\" data-align=\"center\">Dorian Janzetic<\/td><td class=\"has-text-align-center\" data-align=\"center\">University of Rijeka<\/td><td>Croatia<\/td><\/tr><tr><td class=\"has-text-align-center\" data-align=\"center\">Luka Marovi\u0107<\/td><td class=\"has-text-align-center\" data-align=\"center\">University of Rijeka<\/td><td>Croatia<\/td><\/tr><tr><td class=\"has-text-align-center\" data-align=\"center\">Darijan Jelu\u0161i\u0107<\/td><td class=\"has-text-align-center\" data-align=\"center\">University of Rijeka<\/td><td>Croatia<\/td><\/tr><tr><td class=\"has-text-align-center\" data-align=\"center\">Stella Dumencic<\/td><td class=\"has-text-align-center\" data-align=\"center\">University of Rijeka<\/td><td>Croatia<\/td><\/tr><tr><td class=\"has-text-align-center\" data-align=\"center\">Lana Mili\u010devi\u0107<\/td><td class=\"has-text-align-center\" data-align=\"center\">University of Rijeka<\/td><td>Croatia<\/td><\/tr><tr><td class=\"has-text-align-center\" data-align=\"center\">Julia Wiercigroch<\/td><td class=\"has-text-align-center\" data-align=\"center\">Queen&#8217;s University<\/td><td>Canada<\/td><\/tr><tr><td class=\"has-text-align-center\" data-align=\"center\">Laura Connolly<\/td><td class=\"has-text-align-center\" data-align=\"center\">Queen&#8217;s University<\/td><td>Canada<\/td><\/tr><tr><td class=\"has-text-align-center\" data-align=\"center\">Adam Attila<\/td><td class=\"has-text-align-center\" data-align=\"center\">University Of Szeged<\/td><td>Hungary<\/td><\/tr><tr><td class=\"has-text-align-center\" data-align=\"center\">Juan Pablo Aguinaga Bosquez<\/td><td class=\"has-text-align-center\" data-align=\"center\">Szent Istv\u00e1n University<\/td><td>Hungary<\/td><\/tr><tr><td class=\"has-text-align-center\" data-align=\"center\">Yu-Fen Chang<\/td><td class=\"has-text-align-center\" data-align=\"center\">University of Troms\u00f8<\/td><td>Norway<\/td><\/tr><tr><td class=\"has-text-align-center\" data-align=\"center\">Hanieh Amani<\/td><td class=\"has-text-align-center\" data-align=\"center\">Szent Istv\u00e1n University<\/td><td>Hungary<\/td><\/tr><tr><td class=\"has-text-align-center\" data-align=\"center\">Lien Le Phuong NGUYEN<\/td><td class=\"has-text-align-center\" data-align=\"center\">Szent Istv\u00e1n University<\/td><td>Hungary<\/td><\/tr><tr><td class=\"has-text-align-center\" data-align=\"center\">Ngoc Bao Han Nguyen<\/td><td class=\"has-text-align-center\" data-align=\"center\">Queen&#8217;s University<\/td><td>Canada<\/td><\/tr><tr><td class=\"has-text-align-center\" data-align=\"center\">D\u0101vis Nicmanis<\/td><td class=\"has-text-align-center\" data-align=\"center\">Uppsala University<\/td><td>Sweden<\/td><\/tr><tr><td class=\"has-text-align-center\" data-align=\"center\">Aufaclav Zatu Kusuma Frisky<\/td><td class=\"has-text-align-center\" data-align=\"center\">Technische Universit\u00e4t Wien<\/td><td>Austria<\/td><\/tr><tr><td class=\"has-text-align-center\" data-align=\"center\">Riccardo Barbano<\/td><td class=\"has-text-align-center\" data-align=\"center\">University College London<\/td><td>UK<\/td><\/tr><tr><td class=\"has-text-align-center\" data-align=\"center\">Martina \u017du\u0161kin<\/td><td class=\"has-text-align-center\" data-align=\"center\">University of Rijeka<\/td><td>Croatia<\/td><\/tr><tr><td class=\"has-text-align-center\" data-align=\"center\">Mahdad Esmaeili<\/td><td class=\"has-text-align-center\" data-align=\"center\">Tabriz University os Medical Sciences<\/td><td>Iran<\/td><\/tr><tr><td class=\"has-text-align-center\" data-align=\"center\">Sahba Shafiee<\/td><td class=\"has-text-align-center\" data-align=\"center\">University of Manchester<\/td><td>UK<\/td><\/tr><tr><td class=\"has-text-align-center\" data-align=\"center\">Radhika MONPARA<\/td><td class=\"has-text-align-center\" data-align=\"center\">Universit\u00e9 Toulouse III  &#8211; Paul Sabatier<\/td><td>France<\/td><\/tr><tr><td class=\"has-text-align-center\" data-align=\"center\">Robert \u0160ajina<\/td><td class=\"has-text-align-center\" data-align=\"center\">Univerisity of Rijeka<\/td><td>Croatia<\/td><\/tr><tr><td class=\"has-text-align-center\" data-align=\"center\">Andrea Bragagnolo<\/td><td class=\"has-text-align-center\" data-align=\"center\">Universit\u00e0 degli Studi di Torino<\/td><td>Italy<\/td><\/tr><tr><td class=\"has-text-align-center\" data-align=\"center\">Matija Buri\u0107<\/td><td class=\"has-text-align-center\" data-align=\"center\">Univerisity of Rijeka<\/td><td>Croatia<\/td><\/tr><tr><td class=\"has-text-align-center\" data-align=\"center\">Romeo \u0160ajina<\/td><td class=\"has-text-align-center\" data-align=\"center\">Univerisity of Rijeka<\/td><td>Croatia<\/td><\/tr><tr><td class=\"has-text-align-center\" data-align=\"center\">Raul Deatcu<\/td><td class=\"has-text-align-center\" data-align=\"center\">West University of Timisoara<\/td><td>Romania<\/td><\/tr><tr><td class=\"has-text-align-center\" data-align=\"center\">Kristina Host<\/td><td class=\"has-text-align-center\" data-align=\"center\">Univerisity of Rijeka<\/td><td>Croatia<\/td><\/tr><tr><td class=\"has-text-align-center\" data-align=\"center\">Mate Kri\u0161to<\/td><td class=\"has-text-align-center\" data-align=\"center\">Univerisity of Rijeka<\/td><td>Croatia<\/td><\/tr><tr><td class=\"has-text-align-center\" data-align=\"center\">Goran Paulin<\/td><td class=\"has-text-align-center\" data-align=\"center\">Univerisity of Rijeka<\/td><td>Croatia<\/td><\/tr><tr><td class=\"has-text-align-center\" data-align=\"center\">INGRID HRGA<\/td><td class=\"has-text-align-center\" data-align=\"center\">Univerisity of Rijeka<\/td><td>Croatia<\/td><\/tr><tr><td class=\"has-text-align-center\" data-align=\"center\">Valeria Proietti Dante<\/td><td class=\"has-text-align-center\" data-align=\"center\">Universit\u00e1 degli Studi di Torino<\/td><td>Italy<\/td><\/tr><tr><td class=\"has-text-align-center\" data-align=\"center\">Sa\u0161a Sambolek<\/td><td class=\"has-text-align-center\" data-align=\"center\">Univerisity of Rijeka<\/td><td>Croatia<\/td><\/tr><tr><td class=\"has-text-align-center\" data-align=\"center\">Klemens Schmuck<\/td><td class=\"has-text-align-center\" data-align=\"center\">Austrian Academy of Sciences<\/td><td>Austria<\/td><\/tr><tr><td class=\"has-text-align-center\" data-align=\"center\">Jinsong Liu<\/td><td class=\"has-text-align-center\" data-align=\"center\">Aalborg University<\/td><td>Denmark<\/td><\/tr><tr><td class=\"has-text-align-center\" data-align=\"center\">Sayantan Dutta<\/td><td class=\"has-text-align-center\" data-align=\"center\">Universit\u00e9 Toulouse III &#8211; Paul Sabatier<\/td><td>France<\/td><\/tr><\/tbody><\/table><\/figure>\n","protected":false},"excerpt":{"rendered":"<p>Name Affiliation Country Julian Krygel Queen&#8217;s University Canada N\u00f3ra R\u00e1polti University of Szeged Hungary Alice Santilli Queen&#8217;s University Canada Korn\u00e9l Kothencz University of Szeged Hungary \u00c1gnes Vida University of Szeged Hungary Athena Taymourtash Medical University of Vienna Austria D\u00e1niel Bodn\u00e1r University of Szeged Hungary Tamara Kopanja University of Novi Sad Serbia Bojing Jia UC San &hellip; <a href=\"https:\/\/www.inf.u-szeged.hu\/~ssip\/2020\/index.php\/registered-students\/\" class=\"more-link\">Continue reading <span class=\"screen-reader-text\">Registered Students<\/span> <span class=\"meta-nav\">&rarr;<\/span><\/a><\/p>\n","protected":false},"author":1,"featured_media":0,"parent":0,"menu_order":0,"comment_status":"closed","ping_status":"closed","template":"","meta":[],"_links":{"self":[{"href":"https:\/\/www.inf.u-szeged.hu\/~ssip\/2020\/index.php\/wp-json\/wp\/v2\/pages\/164"}],"collection":[{"href":"https:\/\/www.inf.u-szeged.hu\/~ssip\/2020\/index.php\/wp-json\/wp\/v2\/pages"}],"about":[{"href":"https:\/\/www.inf.u-szeged.hu\/~ssip\/2020\/index.php\/wp-json\/wp\/v2\/types\/page"}],"author":[{"embeddable":true,"href":"https:\/\/www.inf.u-szeged.hu\/~ssip\/2020\/index.php\/wp-json\/wp\/v2\/users\/1"}],"replies":[{"embeddable":true,"href":"https:\/\/www.inf.u-szeged.hu\/~ssip\/2020\/index.php\/wp-json\/wp\/v2\/comments?post=164"}],"version-history":[{"count":13,"href":"https:\/\/www.inf.u-szeged.hu\/~ssip\/2020\/index.php\/wp-json\/wp\/v2\/pages\/164\/revisions"}],"predecessor-version":[{"id":222,"href":"https:\/\/www.inf.u-szeged.hu\/~ssip\/2020\/index.php\/wp-json\/wp\/v2\/pages\/164\/revisions\/222"}],"wp:attachment":[{"href":"https:\/\/www.inf.u-szeged.hu\/~ssip\/2020\/index.php\/wp-json\/wp\/v2\/media?parent=164"}],"curies":[{"name":"wp","href":"https:\/\/api.w.org\/{rel}","templated":true}]}}