{"id":33,"date":"2019-10-21T15:01:37","date_gmt":"2019-10-21T15:01:37","guid":{"rendered":"http:\/\/www.inf.u-szeged.hu\/~ssip\/2020\/?page_id=33"},"modified":"2019-10-22T13:20:35","modified_gmt":"2019-10-22T13:20:35","slug":"organizers-contact","status":"publish","type":"page","link":"https:\/\/www.inf.u-szeged.hu\/~ssip\/2020\/index.php\/organizers-contact\/","title":{"rendered":"Organizers &#038; Contact"},"content":{"rendered":"\n<p><strong>Organizers<\/strong><\/p>\n\n\n\n<ul><li>Antal Nagy (University of Szeged)<\/li><li>L\u00e1szl\u00f3 Ny\u00fal (University of Szeged)<\/li><li>G\u00e1bor N\u00e9meth (University of Szeged) <\/li><\/ul>\n\n\n\n<p><strong>Postal address:<\/strong><\/p>\n\n\n\n<p>SSIP 2020<br> c\/o Department of Image Processing and Computer Graphics<br> University of Szeged<br> P.O.Box 652<br> Szeged, H-6701, HUNGARY<\/p>\n\n\n\n<p><strong>Street address:<\/strong><\/p>\n\n\n\n<p>Department of Image Processing and Computer Graphics<br>\nUniversity of Szeged<br>\n\u00c1rp\u00e1d t\u00e9r 2.<br>\nSzeged, H-6720, HUNGARY<\/p>\n\n\n\n<p>Phone: +36 62 546 396<br>\nFax: +36 62 546 397<\/p>\n\n\n\n<p>Email: <a href=\"mailto:ssip2016@inf.u-szeged.hu\">ssip2020@inf.u-szeged.hu<\/a><br> Web: <a href=\"http:\/\/www.inf.u-szeged.hu\/ssip\">http:\/\/www.inf.u-szeged.hu\/ssip<\/a><\/p>\n","protected":false},"excerpt":{"rendered":"<p>Organizers Antal Nagy (University of Szeged) L\u00e1szl\u00f3 Ny\u00fal (University of Szeged) G\u00e1bor N\u00e9meth (University of Szeged) Postal address: SSIP 2020 c\/o Department of Image Processing and Computer Graphics University of Szeged P.O.Box 652 Szeged, H-6701, HUNGARY Street address: Department of Image Processing and Computer Graphics University of Szeged \u00c1rp\u00e1d t\u00e9r 2. Szeged, H-6720, HUNGARY Phone: &hellip; <a href=\"https:\/\/www.inf.u-szeged.hu\/~ssip\/2020\/index.php\/organizers-contact\/\" class=\"more-link\">Continue reading <span class=\"screen-reader-text\">Organizers &#038; Contact<\/span> <span class=\"meta-nav\">&rarr;<\/span><\/a><\/p>\n","protected":false},"author":1,"featured_media":0,"parent":0,"menu_order":0,"comment_status":"closed","ping_status":"closed","template":"","meta":[],"_links":{"self":[{"href":"https:\/\/www.inf.u-szeged.hu\/~ssip\/2020\/index.php\/wp-json\/wp\/v2\/pages\/33"}],"collection":[{"href":"https:\/\/www.inf.u-szeged.hu\/~ssip\/2020\/index.php\/wp-json\/wp\/v2\/pages"}],"about":[{"href":"https:\/\/www.inf.u-szeged.hu\/~ssip\/2020\/index.php\/wp-json\/wp\/v2\/types\/page"}],"author":[{"embeddable":true,"href":"https:\/\/www.inf.u-szeged.hu\/~ssip\/2020\/index.php\/wp-json\/wp\/v2\/users\/1"}],"replies":[{"embeddable":true,"href":"https:\/\/www.inf.u-szeged.hu\/~ssip\/2020\/index.php\/wp-json\/wp\/v2\/comments?post=33"}],"version-history":[{"count":2,"href":"https:\/\/www.inf.u-szeged.hu\/~ssip\/2020\/index.php\/wp-json\/wp\/v2\/pages\/33\/revisions"}],"predecessor-version":[{"id":36,"href":"https:\/\/www.inf.u-szeged.hu\/~ssip\/2020\/index.php\/wp-json\/wp\/v2\/pages\/33\/revisions\/36"}],"wp:attachment":[{"href":"https:\/\/www.inf.u-szeged.hu\/~ssip\/2020\/index.php\/wp-json\/wp\/v2\/media?parent=33"}],"curies":[{"name":"wp","href":"https:\/\/api.w.org\/{rel}","templated":true}]}}