{"id":109,"date":"2022-04-01T12:17:26","date_gmt":"2022-04-01T12:17:26","guid":{"rendered":"https:\/\/www.inf.u-szeged.hu\/~ssip\/2022\/?page_id=109"},"modified":"2022-04-01T12:24:14","modified_gmt":"2022-04-01T12:24:14","slug":"sponsors","status":"publish","type":"page","link":"https:\/\/www.inf.u-szeged.hu\/~ssip\/2022\/index.php\/sponsors\/","title":{"rendered":"Sponsors"},"content":{"rendered":"<p>We really appreciate our sponsors&#8217; supports.<\/p>\n\n<table id=\"tablepress-6\" class=\"tablepress tablepress-id-6\">\n<tbody>\n<tr class=\"row-1\">\n\t<td class=\"column-1\"><img loading=\"lazy\" decoding=\"async\" src=\"https:\/\/www.inf.u-szeged.hu\/~ssip\/2022\/wp-content\/uploads\/2022\/05\/ceepus_logo-1-300x294.png\" alt=\"\" width=\"150\" height=\"147\" class=\"alignnone size-medium wp-image-135\" srcset=\"https:\/\/www.inf.u-szeged.hu\/~ssip\/2022\/wp-content\/uploads\/2022\/05\/ceepus_logo-1-300x294.png 300w, https:\/\/www.inf.u-szeged.hu\/~ssip\/2022\/wp-content\/uploads\/2022\/05\/ceepus_logo-1.png 472w\" sizes=\"auto, (max-width: 150px) 100vw, 150px\" \/><\/td><td class=\"column-2\"><img loading=\"lazy\" decoding=\"async\" src=\"https:\/\/www.inf.u-szeged.hu\/~ssip\/2022\/wp-content\/uploads\/2022\/05\/4iG_flekkes_logo-01-300x224.png\" alt=\"\" width=\"200\" height=\"163\" class=\"alignnone size-medium wp-image-154\" \/><\/td>\n<\/tr>\n<tr class=\"row-2\">\n\t<td class=\"column-1\"><a href=\"https:\/\/www.ceepus.info\/\">CEEPUS<\/a><\/td><td class=\"column-2\"><a href=\"https:\/\/www.4ig.hu\/nyito\" rel=\"noopener\" target=\"_blank\">4iG a Digit\u00e1lis T\u00e1rsadalom\u00e9rt Alap\u00edtv\u00e1ny<\/a><\/td>\n<\/tr>\n<tr class=\"row-3\">\n\t<td class=\"column-1\"><img loading=\"lazy\" decoding=\"async\" src=\"https:\/\/www.inf.u-szeged.hu\/~ssip\/2022\/wp-content\/uploads\/2022\/04\/CAS_Software_Logo_big-transparent-253x300.png\" alt=\"\" width=\"127\" height=\"150\" class=\"alignnone size-medium wp-image-114\" srcset=\"https:\/\/www.inf.u-szeged.hu\/~ssip\/2022\/wp-content\/uploads\/2022\/04\/CAS_Software_Logo_big-transparent-253x300.png 253w, https:\/\/www.inf.u-szeged.hu\/~ssip\/2022\/wp-content\/uploads\/2022\/04\/CAS_Software_Logo_big-transparent-865x1024.png 865w, https:\/\/www.inf.u-szeged.hu\/~ssip\/2022\/wp-content\/uploads\/2022\/04\/CAS_Software_Logo_big-transparent-768x910.png 768w, https:\/\/www.inf.u-szeged.hu\/~ssip\/2022\/wp-content\/uploads\/2022\/04\/CAS_Software_Logo_big-transparent.png 938w\" sizes=\"auto, (max-width: 127px) 100vw, 127px\" \/><\/td><td class=\"column-2\"><img loading=\"lazy\" decoding=\"async\" src=\"https:\/\/www.inf.u-szeged.hu\/~ssip\/2022\/wp-content\/uploads\/2022\/05\/MicrosoftTeams-image-43-300x126.png\" alt=\"\" width=\"300\" height=\"126\" class=\"alignnone size-medium wp-image-130\" srcset=\"https:\/\/www.inf.u-szeged.hu\/~ssip\/2022\/wp-content\/uploads\/2022\/05\/MicrosoftTeams-image-43-300x126.png 300w, https:\/\/www.inf.u-szeged.hu\/~ssip\/2022\/wp-content\/uploads\/2022\/05\/MicrosoftTeams-image-43-1024x431.png 1024w, https:\/\/www.inf.u-szeged.hu\/~ssip\/2022\/wp-content\/uploads\/2022\/05\/MicrosoftTeams-image-43-768x323.png 768w, https:\/\/www.inf.u-szeged.hu\/~ssip\/2022\/wp-content\/uploads\/2022\/05\/MicrosoftTeams-image-43-1536x647.png 1536w, https:\/\/www.inf.u-szeged.hu\/~ssip\/2022\/wp-content\/uploads\/2022\/05\/MicrosoftTeams-image-43-2048x862.png 2048w\" sizes=\"auto, (max-width: 300px) 100vw, 300px\" \/><\/td>\n<\/tr>\n<tr class=\"row-4\">\n\t<td class=\"column-1\"><a href=\"https:\/\/cas-software.hu\/\" rel=\"noopener\" target=\"_blank\">CAS Software<\/a><\/td><td class=\"column-2\"><a href=\"https:\/\/networks.nokia.com\/\">Nokia Solutions and Networks Kft. <\/a> <\/td>\n<\/tr>\n<\/tbody>\n<\/table>\n<!-- #tablepress-6 from cache -->\n<p>&nbsp;<\/p>\n","protected":false},"excerpt":{"rendered":"<p>We really appreciate our sponsors&#8217; supports. &nbsp;<\/p>\n","protected":false},"author":1,"featured_media":0,"parent":0,"menu_order":0,"comment_status":"closed","ping_status":"closed","template":"","meta":{"footnotes":""},"class_list":["post-109","page","type-page","status-publish","hentry"],"_links":{"self":[{"href":"https:\/\/www.inf.u-szeged.hu\/~ssip\/2022\/index.php\/wp-json\/wp\/v2\/pages\/109","targetHints":{"allow":["GET"]}}],"collection":[{"href":"https:\/\/www.inf.u-szeged.hu\/~ssip\/2022\/index.php\/wp-json\/wp\/v2\/pages"}],"about":[{"href":"https:\/\/www.inf.u-szeged.hu\/~ssip\/2022\/index.php\/wp-json\/wp\/v2\/types\/page"}],"author":[{"embeddable":true,"href":"https:\/\/www.inf.u-szeged.hu\/~ssip\/2022\/index.php\/wp-json\/wp\/v2\/users\/1"}],"replies":[{"embeddable":true,"href":"https:\/\/www.inf.u-szeged.hu\/~ssip\/2022\/index.php\/wp-json\/wp\/v2\/comments?post=109"}],"version-history":[{"count":3,"href":"https:\/\/www.inf.u-szeged.hu\/~ssip\/2022\/index.php\/wp-json\/wp\/v2\/pages\/109\/revisions"}],"predecessor-version":[{"id":116,"href":"https:\/\/www.inf.u-szeged.hu\/~ssip\/2022\/index.php\/wp-json\/wp\/v2\/pages\/109\/revisions\/116"}],"wp:attachment":[{"href":"https:\/\/www.inf.u-szeged.hu\/~ssip\/2022\/index.php\/wp-json\/wp\/v2\/media?parent=109"}],"curies":[{"name":"wp","href":"https:\/\/api.w.org\/{rel}","templated":true}]}}