{"id":152,"date":"2024-06-14T09:13:49","date_gmt":"2024-06-14T09:13:49","guid":{"rendered":"https:\/\/www.inf.u-szeged.hu\/~ssip\/2024\/?page_id=152"},"modified":"2024-06-28T09:30:40","modified_gmt":"2024-06-28T09:30:40","slug":"preliminary-program","status":"publish","type":"page","link":"https:\/\/www.inf.u-szeged.hu\/~ssip\/2024\/preliminary-program\/","title":{"rendered":"Program"},"content":{"rendered":"\t\t<div data-elementor-type=\"wp-page\" data-elementor-id=\"152\" class=\"elementor elementor-152\">\n\t\t\t\t<div class=\"elementor-element elementor-element-31e827b2 e-flex e-con-boxed e-con e-parent\" data-id=\"31e827b2\" data-element_type=\"container\">\n\t\t\t\t\t<div class=\"e-con-inner\">\n\t\t\t\t<div class=\"elementor-element elementor-element-10f9fbc5 elementor-widget elementor-widget-text-editor\" data-id=\"10f9fbc5\" data-element_type=\"widget\" data-widget_type=\"text-editor.default\">\n\t\t\t\t<div class=\"elementor-widget-container\">\n\t\t\t<style>\/*! elementor - v3.22.0 - 26-06-2024 *\/\n.elementor-widget-text-editor.elementor-drop-cap-view-stacked .elementor-drop-cap{background-color:#69727d;color:#fff}.elementor-widget-text-editor.elementor-drop-cap-view-framed .elementor-drop-cap{color:#69727d;border:3px solid;background-color:transparent}.elementor-widget-text-editor:not(.elementor-drop-cap-view-default) .elementor-drop-cap{margin-top:8px}.elementor-widget-text-editor:not(.elementor-drop-cap-view-default) .elementor-drop-cap-letter{width:1em;height:1em}.elementor-widget-text-editor .elementor-drop-cap{float:left;text-align:center;line-height:1;font-size:50px}.elementor-widget-text-editor .elementor-drop-cap-letter{display:inline-block}<\/style>\t\t\t\tIt may change slightly\r\n\n<table id=\"tablepress-7\" class=\"tablepress tablepress-id-7 tbody-has-connected-cells\">\n<tbody class=\"row-hover\">\n<tr class=\"row-1\">\n\t<td colspan=\"2\" class=\"column-1\"><b>Thursday 11th July<\/b><\/td>\n<\/tr>\n<tr class=\"row-2\">\n\t<td class=\"column-1\">13:00<\/td><td class=\"column-2\"><a href=\"#venue\"><b>Registration<\/b><\/a><br \/>\nIrinyi building, 217 lecture room, Szeged, Tisza Lajos krt. 103, Stairway III, 2nd floor.<\/td>\n<\/tr>\n<tr class=\"row-3\">\n\t<td class=\"column-1\">14:00<\/td><td class=\"column-2\">Opening<\/td>\n<\/tr>\n<tr class=\"row-4\">\n\t<td class=\"column-1\">15:00<\/td><td class=\"column-2\">Project description<\/td>\n<\/tr>\n<tr class=\"row-5\">\n\t<td class=\"column-1\">16:00<\/td><td class=\"column-2\">Familiarizing with the lab<\/td>\n<\/tr>\n<tr class=\"row-6\">\n\t<td class=\"column-1\">17:15<\/td><td class=\"column-2\">End of the first day<\/td>\n<\/tr>\n<tr class=\"row-7\">\n\t<td colspan=\"2\" class=\"column-1\"><b>Friday 12th July<\/b><\/td>\n<\/tr>\n<tr class=\"row-8\">\n\t<td class=\"column-1\">9:00<\/td><td class=\"column-2\"><a href=\"https:\/\/www.inf.u-szeged.hu\/~ssip\/2024\/attila-fazekas\/\" rel=\"noopener\" target=\"_blank\"><b>Attila Fazekas<\/b><\/a>: Image Classification<\/td>\n<\/tr>\n<tr class=\"row-9\">\n\t<td class=\"column-1\">10:00<\/td><td class=\"column-2\">Cofee break<\/td>\n<\/tr>\n<tr class=\"row-10\">\n\t<td class=\"column-1\">10:15<\/td><td class=\"column-2\"><a href=\"https:\/\/www.inf.u-szeged.hu\/~ssip\/2024\/laszlo-papp\/\" rel=\"noopener\" target=\"_blank\"><b>L\u00e1szl\u00f3 Papp<\/b><\/a>: The Hypes and Hopes of Quantum Computing in Medical Imaging Science<\/td>\n<\/tr>\n<tr class=\"row-11\">\n\t<td class=\"column-1\">11:15<\/td><td class=\"column-2\">Cofee break<\/td>\n<\/tr>\n<tr class=\"row-12\">\n\t<td class=\"column-1\">11:30<\/td><td class=\"column-2\"><a href=\"https:\/\/www.inf.u-szeged.hu\/~ssip\/2024\/joost-batenburg\/\" rel=\"noopener\" target=\"_blank\"><b>Joost Batenburg<\/b><\/a>: Interactive Tomography and its Applications in Cultural Heritage<\/td>\n<\/tr>\n<tr class=\"row-13\">\n\t<td class=\"column-1\">12:30<\/td><td class=\"column-2\">Lunch<\/td>\n<\/tr>\n<tr class=\"row-14\">\n\t<td class=\"column-1\">13:30<\/td><td class=\"column-2\">Lab work<br \/>\nTutors: Attila Fazekas, L\u00e1szl\u00f3 Papp, Roxane Licandro<\/td>\n<\/tr>\n<tr class=\"row-15\">\n\t<td class=\"column-1\">18:00<\/td><td class=\"column-2\">End of the second day<\/td>\n<\/tr>\n<tr class=\"row-16\">\n\t<td colspan=\"2\" class=\"column-1\"><b>Saturday 13th July<\/b><\/td>\n<\/tr>\n<tr class=\"row-17\">\n\t<td class=\"column-1\">9:00<\/td><td class=\"column-2\"><a href=\"https:\/\/www.inf.u-szeged.hu\/~ssip\/2024\/csaba-olasz\/\" rel=\"noopener\" target=\"_blank\"><b>Csaba Olasz<\/b><\/a>: Artifact reduction in X-ray computed tomography<\/td>\n<\/tr>\n<tr class=\"row-18\">\n\t<td class=\"column-1\">10:00<\/td><td class=\"column-2\">Cofee break<\/td>\n<\/tr>\n<tr class=\"row-19\">\n\t<td class=\"column-1\">10:15<\/td><td class=\"column-2\"><a href=\"https:\/\/www.inf.u-szeged.hu\/~ssip\/2024\/roxane-licandro\/\" rel=\"noopener\" target=\"_blank\"><b>Roxane Licandro<\/b><\/a>: Early Life Medical Image Analysis with Machine Learning<\/td>\n<\/tr>\n<tr class=\"row-20\">\n\t<td class=\"column-1\">11:15<\/td><td class=\"column-2\">Cofee break<\/td>\n<\/tr>\n<tr class=\"row-21\">\n\t<td class=\"column-1\">11:30<\/td><td class=\"column-2\"><a href=\"https:\/\/www.inf.u-szeged.hu\/~ssip\/2024\/tamas-ungi\/\" rel=\"noopener\" target=\"_blank\"><b>Tamas Ungi<\/b><\/a>: Ultrasound image processing with artificial neural networks<\/td>\n<\/tr>\n<tr class=\"row-22\">\n\t<td class=\"column-1\">12:30<\/td><td class=\"column-2\">Lunch<\/td>\n<\/tr>\n<tr class=\"row-23\">\n\t<td class=\"column-1\">13:30<\/td><td class=\"column-2\">Lab work<br \/>\nTutors: Csaba Olasz, Roxane Licandro, L\u00e1szl\u00f3 Papp<\/td>\n<\/tr>\n<tr class=\"row-24\">\n\t<td class=\"column-1\">18:00<\/td><td class=\"column-2\">End of the third day<\/td>\n<\/tr>\n<tr class=\"row-25\">\n\t<td colspan=\"2\" class=\"column-1\"><b>Sunday 14th July<\/b><\/td>\n<\/tr>\n<tr class=\"row-26\">\n\t<td class=\"column-1\">8:30<\/td><td class=\"column-2\"><a href =\"#boat\"><b>Excursion<\/b><\/a>: Boat trip<br \/>\nMeet at 8:20 (sharp) in front of the student hostel.<br \/>\nWe will guide you to the port.<\/td>\n<\/tr>\n<tr class=\"row-27\">\n\t<td class=\"column-1\">11:30<\/td><td class=\"column-2\">Lunch: Fish soup, pasta with quark<\/td>\n<\/tr>\n<tr class=\"row-28\">\n\t<td class=\"column-1\">14:00<\/td><td class=\"column-2\">Free program<\/td>\n<\/tr>\n<tr class=\"row-29\">\n\t<td class=\"column-1\">18:00<\/td><td class=\"column-2\">End of the fourth day<\/td>\n<\/tr>\n<tr class=\"row-30\">\n\t<td colspan=\"2\" class=\"column-1\"><b>Monday 15th July<\/b><\/td>\n<\/tr>\n<tr class=\"row-31\">\n\t<td class=\"column-1\">9:00<\/td><td class=\"column-2\"><a href=\"https:\/\/www.inf.u-szeged.hu\/~ssip\/2024\/ivan-stajduhar\/\" rel=\"noopener\" target=\"_blank\"><b>Ivan \u0160tajduhar<\/b><\/a>: RadiologyNET: A large-scale multimodal medical database for transfer learning<\/td>\n<\/tr>\n<tr class=\"row-32\">\n\t<td class=\"column-1\">10:00<\/td><td class=\"column-2\">Cofee break<\/td>\n<\/tr>\n<tr class=\"row-33\">\n\t<td class=\"column-1\">10:15<\/td><td class=\"column-2\"><a href=\"https:\/\/www.inf.u-szeged.hu\/~ssip\/2024\/rajmund-mokso\/\" rel=\"noopener\" target=\"_blank\"><b>Rajmund Mokso<\/b><\/a>: Inverse problems in modern X-ray imaging: phase retrieval and 4DCT<\/td>\n<\/tr>\n<tr class=\"row-34\">\n\t<td class=\"column-1\">11:15<\/td><td class=\"column-2\">Cofee break<\/td>\n<\/tr>\n<tr class=\"row-35\">\n\t<td class=\"column-1\">11:30<\/td><td class=\"column-2\"><a href=\"https:\/\/www.inf.u-szeged.hu\/~ssip\/2024\/teodora-selea\/\" rel=\"noopener\" target=\"_blank\"><b>Teodora Selea<\/b><\/a>: Deep Learning for Earth Observation<\/td>\n<\/tr>\n<tr class=\"row-36\">\n\t<td class=\"column-1\">12:30<\/td><td class=\"column-2\">Lunch<\/td>\n<\/tr>\n<tr class=\"row-37\">\n\t<td class=\"column-1\">13:30<\/td><td class=\"column-2\">Lab work<br \/>\nTutors: Ivan Stajduhar, Rajmund Mokso, Teodora Selea<\/td>\n<\/tr>\n<tr class=\"row-38\">\n\t<td class=\"column-1\">18:00<\/td><td class=\"column-2\">End of the fifth day<\/td>\n<\/tr>\n<tr class=\"row-39\">\n\t<td colspan=\"2\" class=\"column-1\"><b>Tuesday 16th July<\/b><\/td>\n<\/tr>\n<tr class=\"row-40\">\n\t<td class=\"column-1\">9:00<\/td><td class=\"column-2\"><a href=\"https:\/\/www.inf.u-szeged.hu\/~ssip\/2024\/kalman-palagyi\/\" rel=\"noopener\" target=\"_blank\"><b>K\u00e1lm\u00e1n Pal\u00e1gyi<\/b><\/a>: Skeletonization methods and applications<\/td>\n<\/tr>\n<tr class=\"row-41\">\n\t<td class=\"column-1\">10:00<\/td><td class=\"column-2\">Cofee break<\/td>\n<\/tr>\n<tr class=\"row-42\">\n\t<td class=\"column-1\">10:15<\/td><td class=\"column-2\"><a href=\"https:\/\/www.inf.u-szeged.hu\/~ssip\/2024\/csaba-beleznai\/\" rel=\"noopener\" target=\"_blank\"><b>Csaba Beleznai<\/b><\/a>: Spatial robot vision: spatial representation learning for geometric reasoning<\/td>\n<\/tr>\n<tr class=\"row-43\">\n\t<td class=\"column-1\">11:15<\/td><td class=\"column-2\">Cofee break<\/td>\n<\/tr>\n<tr class=\"row-44\">\n\t<td class=\"column-1\">11:30<\/td><td class=\"column-2\"><a href=\"https:\/\/www.inf.u-szeged.hu\/~ssip\/2024\/csaba-benedek\/\" rel=\"noopener\" target=\"_blank\"><b>Csaba Benedek<\/b><\/a>: Scene analysis and environment model synthesis from multisensorial spatial data<\/td>\n<\/tr>\n<tr class=\"row-45\">\n\t<td class=\"column-1\">12:30<\/td><td class=\"column-2\">Lunch<\/td>\n<\/tr>\n<tr class=\"row-46\">\n\t<td class=\"column-1\">13:30<\/td><td class=\"column-2\">Lab work<br \/>\nTutors: K\u00e1lm\u00e1n Pal\u00e1gyi, Csaba Beleznai, Csaba Benedek<\/td>\n<\/tr>\n<tr class=\"row-47\">\n\t<td class=\"column-1\">18:00<\/td><td class=\"column-2\">End of the sixth day<\/td>\n<\/tr>\n<tr class=\"row-48\">\n\t<td colspan=\"2\" class=\"column-1\"><b>Wednesday 17th July<\/b><\/td>\n<\/tr>\n<tr class=\"row-49\">\n\t<td class=\"column-1\">9:00<\/td><td class=\"column-2\"><a href=\"https:\/\/www.inf.u-szeged.hu\/~ssip\/2024\/tibor-lukic\/\" rel=\"noopener\" target=\"_blank\"><b>Tibor Luki\u0107<\/b><\/a>: Introduction to mathematical models in tomography, denoising and computer vision<\/td>\n<\/tr>\n<tr class=\"row-50\">\n\t<td class=\"column-1\">10:00<\/td><td class=\"column-2\">Cofee break<\/td>\n<\/tr>\n<tr class=\"row-51\">\n\t<td class=\"column-1\">10:15<\/td><td class=\"column-2\"><a href=\"https:\/\/www.inf.u-szeged.hu\/~ssip\/2024\/univ-prof-dr-erich-sorantin\/\" rel=\"noopener\" target=\"_blank\"><b>UNIV.-PROF.DR. Erich Sorantin<\/b><\/a>: Selected Topics in Medical Image Processing<\/td>\n<\/tr>\n<tr class=\"row-52\">\n\t<td class=\"column-1\">11:15<\/td><td class=\"column-2\">Cofee break<\/td>\n<\/tr>\n<tr class=\"row-53\">\n\t<td class=\"column-1\">11:30<\/td><td class=\"column-2\"><a href=\"https:\/\/www.inf.u-szeged.hu\/~ssip\/2024\/andras-horvath\/\" rel=\"noopener\" target=\"_blank\"><b>Andr\u00e1s Horv\u00e1th<\/b><\/a>: Exploring Neural Network Robustness: Examining Adversarial Samples from Classification Challenges to Three-Dimensional Reconstruction<\/td>\n<\/tr>\n<tr class=\"row-54\">\n\t<td class=\"column-1\">12:30<\/td><td class=\"column-2\">Lunch<\/td>\n<\/tr>\n<tr class=\"row-55\">\n\t<td class=\"column-1\">13:30<\/td><td class=\"column-2\">Lab work<br \/>\nTutors:Tibor Lukic, Andr\u00e1s Horv\u00e1th, Teodora Salea<\/td>\n<\/tr>\n<tr class=\"row-56\">\n\t<td class=\"column-1\">18:00<\/td><td class=\"column-2\">End of the seventh day<\/td>\n<\/tr>\n<tr class=\"row-57\">\n\t<td colspan=\"2\" class=\"column-1\"><b>Thursday 18th July<\/b><\/td>\n<\/tr>\n<tr class=\"row-58\">\n\t<td class=\"column-1\">9:00<\/td><td class=\"column-2\"><a href=\"https:\/\/www.inf.u-szeged.hu\/~ssip\/2024\/attila-tanacs\/\" rel=\"noopener\" target=\"_blank\"><b>Attila Tan\u00e1cs<\/b><\/a>: Extended Reality (VR, AR, MR) &#8211; Approaches, Background, and Devices<\/td>\n<\/tr>\n<tr class=\"row-59\">\n\t<td class=\"column-1\">10:00<\/td><td class=\"column-2\">Cofee break<\/td>\n<\/tr>\n<tr class=\"row-60\">\n\t<td class=\"column-1\">10:15<\/td><td class=\"column-2\"><a href=\"https:\/\/www.inf.u-szeged.hu\/~ssip\/2024\/krisztian-koos\/\" rel=\"noopener\" target=\"_blank\"><b>Kriszti\u00e1n Ko\u00f3s<\/b><\/a>: Interactive Segmentation with Foundation Models<\/td>\n<\/tr>\n<tr class=\"row-61\">\n\t<td class=\"column-1\">11:15<\/td><td class=\"column-2\">Lunch<\/td>\n<\/tr>\n<tr class=\"row-62\">\n\t<td class=\"column-1\">12:30<\/td><td class=\"column-2\">Lab work<br \/>\nTutors: Attila Tan\u00e1cs, Kriszti\u00e1n Ko\u00f3s, Tibor Lukic<\/td>\n<\/tr>\n<tr class=\"row-63\">\n\t<td class=\"column-1\">18:00<\/td><td class=\"column-2\">End of the eighth day<\/td>\n<\/tr>\n<tr class=\"row-64\">\n\t<td colspan=\"2\" class=\"column-1\"><b>Friday 19th July<\/b><\/td>\n<\/tr>\n<tr class=\"row-65\">\n\t<td class=\"column-1\">9:00<\/td><td class=\"column-2\">Final Test &amp; Questionnaire<\/td>\n<\/tr>\n<tr class=\"row-66\">\n\t<td class=\"column-1\">10:00<\/td><td class=\"column-2\">Cofee break<\/td>\n<\/tr>\n<tr class=\"row-67\">\n\t<td class=\"column-1\">10:15<\/td><td class=\"column-2\">Preparing for project evaluation<\/td>\n<\/tr>\n<tr class=\"row-68\">\n\t<td class=\"column-1\">11:20<\/td><td class=\"column-2\">Lunch<\/td>\n<\/tr>\n<tr class=\"row-69\">\n\t<td class=\"column-1\">13:00<\/td><td class=\"column-2\">Project evaluation<\/td>\n<\/tr>\n<tr class=\"row-70\">\n\t<td class=\"column-1\">17:00<\/td><td class=\"column-2\"><a href=\"#gala\"><b>Gala dinner<\/b><\/a><\/td>\n<\/tr>\n<tr class=\"row-71\">\n\t<td colspan=\"2\" class=\"column-1\"><b>Saturday 20th July<\/b><\/td>\n<\/tr>\n<tr class=\"row-72\">\n\t<td class=\"column-1\">9:00<\/td><td class=\"column-2\">Closing, Departure<\/td>\n<\/tr>\n<tr class=\"row-73\">\n\t<td class=\"column-1\">12:00<\/td><td class=\"column-2\">End of the SSIP 2024<\/td>\n<\/tr>\n<\/tbody>\n<\/table>\n<!-- #tablepress-7 from cache -->\t\t\t\t\t\t<\/div>\n\t\t\t\t<\/div>\n\t\t\t\t\t<\/div>\n\t\t\t\t<\/div>\n\t\t<div class=\"elementor-element elementor-element-cdb67ab e-flex e-con-boxed e-con e-parent\" data-id=\"cdb67ab\" data-element_type=\"container\">\n\t\t\t\t\t<div class=\"e-con-inner\">\n\t\t\t\t<div class=\"elementor-element elementor-element-e83a837 elementor-widget-divider--view-line elementor-widget elementor-widget-divider\" data-id=\"e83a837\" data-element_type=\"widget\" data-widget_type=\"divider.default\">\n\t\t\t\t<div class=\"elementor-widget-container\">\n\t\t\t<style>\/*! elementor - v3.22.0 - 26-06-2024 *\/\n.elementor-widget-divider{--divider-border-style:none;--divider-border-width:1px;--divider-color:#0c0d0e;--divider-icon-size:20px;--divider-element-spacing:10px;--divider-pattern-height:24px;--divider-pattern-size:20px;--divider-pattern-url:none;--divider-pattern-repeat:repeat-x}.elementor-widget-divider .elementor-divider{display:flex}.elementor-widget-divider .elementor-divider__text{font-size:15px;line-height:1;max-width:95%}.elementor-widget-divider .elementor-divider__element{margin:0 var(--divider-element-spacing);flex-shrink:0}.elementor-widget-divider .elementor-icon{font-size:var(--divider-icon-size)}.elementor-widget-divider .elementor-divider-separator{display:flex;margin:0;direction:ltr}.elementor-widget-divider--view-line_icon .elementor-divider-separator,.elementor-widget-divider--view-line_text .elementor-divider-separator{align-items:center}.elementor-widget-divider--view-line_icon .elementor-divider-separator:after,.elementor-widget-divider--view-line_icon .elementor-divider-separator:before,.elementor-widget-divider--view-line_text .elementor-divider-separator:after,.elementor-widget-divider--view-line_text .elementor-divider-separator:before{display:block;content:\"\";border-block-end:0;flex-grow:1;border-block-start:var(--divider-border-width) var(--divider-border-style) var(--divider-color)}.elementor-widget-divider--element-align-left .elementor-divider .elementor-divider-separator>.elementor-divider__svg:first-of-type{flex-grow:0;flex-shrink:100}.elementor-widget-divider--element-align-left .elementor-divider-separator:before{content:none}.elementor-widget-divider--element-align-left .elementor-divider__element{margin-left:0}.elementor-widget-divider--element-align-right .elementor-divider .elementor-divider-separator>.elementor-divider__svg:last-of-type{flex-grow:0;flex-shrink:100}.elementor-widget-divider--element-align-right .elementor-divider-separator:after{content:none}.elementor-widget-divider--element-align-right .elementor-divider__element{margin-right:0}.elementor-widget-divider--element-align-start .elementor-divider .elementor-divider-separator>.elementor-divider__svg:first-of-type{flex-grow:0;flex-shrink:100}.elementor-widget-divider--element-align-start .elementor-divider-separator:before{content:none}.elementor-widget-divider--element-align-start .elementor-divider__element{margin-inline-start:0}.elementor-widget-divider--element-align-end .elementor-divider .elementor-divider-separator>.elementor-divider__svg:last-of-type{flex-grow:0;flex-shrink:100}.elementor-widget-divider--element-align-end .elementor-divider-separator:after{content:none}.elementor-widget-divider--element-align-end .elementor-divider__element{margin-inline-end:0}.elementor-widget-divider:not(.elementor-widget-divider--view-line_text):not(.elementor-widget-divider--view-line_icon) .elementor-divider-separator{border-block-start:var(--divider-border-width) var(--divider-border-style) var(--divider-color)}.elementor-widget-divider--separator-type-pattern{--divider-border-style:none}.elementor-widget-divider--separator-type-pattern.elementor-widget-divider--view-line .elementor-divider-separator,.elementor-widget-divider--separator-type-pattern:not(.elementor-widget-divider--view-line) .elementor-divider-separator:after,.elementor-widget-divider--separator-type-pattern:not(.elementor-widget-divider--view-line) .elementor-divider-separator:before,.elementor-widget-divider--separator-type-pattern:not([class*=elementor-widget-divider--view]) .elementor-divider-separator{width:100%;min-height:var(--divider-pattern-height);-webkit-mask-size:var(--divider-pattern-size) 100%;mask-size:var(--divider-pattern-size) 100%;-webkit-mask-repeat:var(--divider-pattern-repeat);mask-repeat:var(--divider-pattern-repeat);background-color:var(--divider-color);-webkit-mask-image:var(--divider-pattern-url);mask-image:var(--divider-pattern-url)}.elementor-widget-divider--no-spacing{--divider-pattern-size:auto}.elementor-widget-divider--bg-round{--divider-pattern-repeat:round}.rtl .elementor-widget-divider .elementor-divider__text{direction:rtl}.e-con-inner>.elementor-widget-divider,.e-con>.elementor-widget-divider{width:var(--container-widget-width,100%);--flex-grow:var(--container-widget-flex-grow)}<\/style>\t\t<div class=\"elementor-divider\">\n\t\t\t<span class=\"elementor-divider-separator\">\n\t\t\t\t\t\t<\/span>\n\t\t<\/div>\n\t\t\t\t<\/div>\n\t\t\t\t<\/div>\n\t\t\t\t\t<\/div>\n\t\t\t\t<\/div>\n\t\t<div class=\"elementor-element elementor-element-d43ca0b e-flex e-con-boxed e-con e-parent\" data-id=\"d43ca0b\" data-element_type=\"container\">\n\t\t\t\t\t<div class=\"e-con-inner\">\n\t\t\t\t<div class=\"elementor-element elementor-element-581f3e4 elementor-widget elementor-widget-html\" data-id=\"581f3e4\" data-element_type=\"widget\" data-widget_type=\"html.default\">\n\t\t\t\t<div class=\"elementor-widget-container\">\n\t\t\t<p id=\"venue\"><b>SSIP 2024 venue<\/b><\/p>\t\t<\/div>\n\t\t\t\t<\/div>\n\t\t\t\t\t<\/div>\n\t\t\t\t<\/div>\n\t\t<div class=\"elementor-element elementor-element-9a2413d e-flex e-con-boxed e-con e-parent\" data-id=\"9a2413d\" data-element_type=\"container\">\n\t\t\t\t\t<div class=\"e-con-inner\">\n\t\t\t\t<div class=\"elementor-element elementor-element-0e671c9 elementor-widget elementor-widget-google_maps\" data-id=\"0e671c9\" data-element_type=\"widget\" data-widget_type=\"google_maps.default\">\n\t\t\t\t<div class=\"elementor-widget-container\">\n\t\t\t<style>\/*! elementor - v3.22.0 - 26-06-2024 *\/\n.elementor-widget-google_maps .elementor-widget-container{overflow:hidden}.elementor-widget-google_maps .elementor-custom-embed{line-height:0}.elementor-widget-google_maps iframe{height:300px}<\/style>\t\t<div class=\"elementor-custom-embed\">\n\t\t\t<iframe loading=\"lazy\"\n\t\t\t\t\tsrc=\"https:\/\/maps.google.com\/maps?q=Szeged%2C%20Tisza%20Lajos%20krt.%20103&#038;t=m&#038;z=17&#038;output=embed&#038;iwloc=near\"\n\t\t\t\t\ttitle=\"Szeged, Tisza Lajos krt. 103\"\n\t\t\t\t\taria-label=\"Szeged, Tisza Lajos krt. 103\"\n\t\t\t><\/iframe>\n\t\t<\/div>\n\t\t\t\t<\/div>\n\t\t\t\t<\/div>\n\t\t\t\t\t<\/div>\n\t\t\t\t<\/div>\n\t\t<div class=\"elementor-element elementor-element-01df153 e-flex e-con-boxed e-con e-parent\" data-id=\"01df153\" data-element_type=\"container\">\n\t\t\t\t\t<div class=\"e-con-inner\">\n\t\t\t\t<div class=\"elementor-element elementor-element-2ab31da elementor-widget-divider--view-line elementor-widget elementor-widget-divider\" data-id=\"2ab31da\" data-element_type=\"widget\" data-widget_type=\"divider.default\">\n\t\t\t\t<div class=\"elementor-widget-container\">\n\t\t\t\t\t<div class=\"elementor-divider\">\n\t\t\t<span class=\"elementor-divider-separator\">\n\t\t\t\t\t\t<\/span>\n\t\t<\/div>\n\t\t\t\t<\/div>\n\t\t\t\t<\/div>\n\t\t\t\t\t<\/div>\n\t\t\t\t<\/div>\n\t\t<div class=\"elementor-element elementor-element-bd3e3a3 e-flex e-con-boxed e-con e-parent\" data-id=\"bd3e3a3\" data-element_type=\"container\">\n\t\t\t\t\t<div class=\"e-con-inner\">\n\t\t\t\t<div class=\"elementor-element elementor-element-0f12503 elementor-widget elementor-widget-html\" data-id=\"0f12503\" data-element_type=\"widget\" data-widget_type=\"html.default\">\n\t\t\t\t<div class=\"elementor-widget-container\">\n\t\t\t<p id=\"boat\"><b>Boat trip<\/b><\/p>\t\t<\/div>\n\t\t\t\t<\/div>\n\t\t\t\t\t<\/div>\n\t\t\t\t<\/div>\n\t\t<div class=\"elementor-element elementor-element-eb41e08 e-flex e-con-boxed e-con e-parent\" data-id=\"eb41e08\" data-element_type=\"container\">\n\t\t\t\t\t<div class=\"e-con-inner\">\n\t\t\t\t<div class=\"elementor-element elementor-element-41a1a8a elementor-widget elementor-widget-google_maps\" data-id=\"41a1a8a\" data-element_type=\"widget\" data-widget_type=\"google_maps.default\">\n\t\t\t\t<div class=\"elementor-widget-container\">\n\t\t\t\t\t<div class=\"elementor-custom-embed\">\n\t\t\t<iframe loading=\"lazy\"\n\t\t\t\t\tsrc=\"https:\/\/maps.google.com\/maps?q=Szeged%2C%20S%C3%A9tahaj%C3%B3&#038;t=m&#038;z=17&#038;output=embed&#038;iwloc=near\"\n\t\t\t\t\ttitle=\"Szeged, S\u00e9tahaj\u00f3\"\n\t\t\t\t\taria-label=\"Szeged, S\u00e9tahaj\u00f3\"\n\t\t\t><\/iframe>\n\t\t<\/div>\n\t\t\t\t<\/div>\n\t\t\t\t<\/div>\n\t\t\t\t\t<\/div>\n\t\t\t\t<\/div>\n\t\t<div class=\"elementor-element elementor-element-61eaca0 e-flex e-con-boxed e-con e-parent\" data-id=\"61eaca0\" data-element_type=\"container\">\n\t\t\t\t\t<div class=\"e-con-inner\">\n\t\t\t\t<div class=\"elementor-element elementor-element-66b2860 elementor-widget-divider--view-line elementor-widget elementor-widget-divider\" data-id=\"66b2860\" data-element_type=\"widget\" data-widget_type=\"divider.default\">\n\t\t\t\t<div class=\"elementor-widget-container\">\n\t\t\t\t\t<div class=\"elementor-divider\">\n\t\t\t<span class=\"elementor-divider-separator\">\n\t\t\t\t\t\t<\/span>\n\t\t<\/div>\n\t\t\t\t<\/div>\n\t\t\t\t<\/div>\n\t\t\t\t<div class=\"elementor-element elementor-element-ba0b66b elementor-widget elementor-widget-html\" data-id=\"ba0b66b\" data-element_type=\"widget\" data-widget_type=\"html.default\">\n\t\t\t\t<div class=\"elementor-widget-container\">\n\t\t\t<p id=\"gala\"><b>Gala Diner<\/b><\/p>\t\t<\/div>\n\t\t\t\t<\/div>\n\t\t\t\t\t<\/div>\n\t\t\t\t<\/div>\n\t\t<div class=\"elementor-element elementor-element-e1c6de8 e-flex e-con-boxed e-con e-parent\" data-id=\"e1c6de8\" data-element_type=\"container\">\n\t\t\t\t\t<div class=\"e-con-inner\">\n\t\t\t\t<div class=\"elementor-element elementor-element-1ddbe4b elementor-widget elementor-widget-google_maps\" data-id=\"1ddbe4b\" data-element_type=\"widget\" data-widget_type=\"google_maps.default\">\n\t\t\t\t<div class=\"elementor-widget-container\">\n\t\t\t\t\t<div class=\"elementor-custom-embed\">\n\t\t\t<iframe loading=\"lazy\"\n\t\t\t\t\tsrc=\"https:\/\/maps.google.com\/maps?q=Szeged%2C%20Roosevelt%20t%C3%A9ri%20hal%C3%A1szcs%C3%A1rda&#038;t=m&#038;z=18&#038;output=embed&#038;iwloc=near\"\n\t\t\t\t\ttitle=\"Szeged, Roosevelt t\u00e9ri hal\u00e1szcs\u00e1rda\"\n\t\t\t\t\taria-label=\"Szeged, Roosevelt t\u00e9ri hal\u00e1szcs\u00e1rda\"\n\t\t\t><\/iframe>\n\t\t<\/div>\n\t\t\t\t<\/div>\n\t\t\t\t<\/div>\n\t\t\t\t\t<\/div>\n\t\t\t\t<\/div>\n\t\t\t\t<\/div>\n\t\t","protected":false},"excerpt":{"rendered":"<p>It may change slightly SSIP 2024 venue Boat trip Gala Diner<\/p>\n","protected":false},"author":1,"featured_media":0,"parent":0,"menu_order":0,"comment_status":"closed","ping_status":"closed","template":"","meta":{"iawp_total_views":771,"footnotes":""},"_links":{"self":[{"href":"https:\/\/www.inf.u-szeged.hu\/~ssip\/2024\/wp-json\/wp\/v2\/pages\/152"}],"collection":[{"href":"https:\/\/www.inf.u-szeged.hu\/~ssip\/2024\/wp-json\/wp\/v2\/pages"}],"about":[{"href":"https:\/\/www.inf.u-szeged.hu\/~ssip\/2024\/wp-json\/wp\/v2\/types\/page"}],"author":[{"embeddable":true,"href":"https:\/\/www.inf.u-szeged.hu\/~ssip\/2024\/wp-json\/wp\/v2\/users\/1"}],"replies":[{"embeddable":true,"href":"https:\/\/www.inf.u-szeged.hu\/~ssip\/2024\/wp-json\/wp\/v2\/comments?post=152"}],"version-history":[{"count":34,"href":"https:\/\/www.inf.u-szeged.hu\/~ssip\/2024\/wp-json\/wp\/v2\/pages\/152\/revisions"}],"predecessor-version":[{"id":260,"href":"https:\/\/www.inf.u-szeged.hu\/~ssip\/2024\/wp-json\/wp\/v2\/pages\/152\/revisions\/260"}],"wp:attachment":[{"href":"https:\/\/www.inf.u-szeged.hu\/~ssip\/2024\/wp-json\/wp\/v2\/media?parent=152"}],"curies":[{"name":"wp","href":"https:\/\/api.w.org\/{rel}","templated":true}]}}