{"id":32,"date":"2024-01-10T10:46:00","date_gmt":"2024-01-10T10:46:00","guid":{"rendered":"https:\/\/www.inf.u-szeged.hu\/~ssip\/2024\/?page_id=32"},"modified":"2024-01-10T10:47:16","modified_gmt":"2024-01-10T10:47:16","slug":"organizers-and-contact","status":"publish","type":"page","link":"https:\/\/www.inf.u-szeged.hu\/~ssip\/2024\/organizers-and-contact\/","title":{"rendered":"Organizers and Contact"},"content":{"rendered":"<p><strong>Organizers<\/strong><\/p>\n<ul>\n<li>Antal Nagy (University of Szeged)<\/li>\n<li>L\u00e1szl\u00f3 Ny\u00fal (University of Szeged)<\/li>\n<\/ul>\n<p><strong>Postal address<\/strong><\/p>\n<p>SSIP 2024<br \/>\nc\/o Department of Image Processing and Computer Graphics<br \/>\nUniversity of Szeged<br \/>\nP.O.Box 652<br \/>\nSzeged, H-6701, HUNGARY<\/p>\n<p><strong>Street address<\/strong><\/p>\n<p>Department of Image Processing and Computer Graphics<br \/>\nUniversity of Szeged<br \/>\n\u00c1rp\u00e1d t\u00e9r 2.<br \/>\nSzeged, H-6720, HUNGARY<\/p>\n<p>Phone: +36 62 546 396<br \/>\nFax: +36 62 546 397<\/p>\n<p>Email:\u00a0<a href=\"mailto:ssip2024@inf.u-szeged.hu\">ssip2024@inf.u-szeged.hu<\/a><br \/>\nWeb:\u00a0<a href=\"http:\/\/www.inf.u-szeged.hu\/ssip\">http:\/\/www.inf.u-szeged.hu\/ssip<\/a><\/p>\n","protected":false},"excerpt":{"rendered":"<p>Organizers Antal Nagy (University of Szeged) L\u00e1szl\u00f3 Ny\u00fal (University of Szeged) Postal address SSIP 2024 c\/o Department of Image Processing and Computer Graphics University of Szeged P.O.Box 652 Szeged, H-6701, HUNGARY Street address Department of Image Processing and Computer Graphics University of Szeged \u00c1rp\u00e1d t\u00e9r 2. Szeged, H-6720, HUNGARY Phone: +36 62 546 396 Fax: &hellip; <\/p>\n<p class=\"link-more\"><a href=\"https:\/\/www.inf.u-szeged.hu\/~ssip\/2024\/organizers-and-contact\/\" class=\"more-link\">Continue reading<span class=\"screen-reader-text\"> &#8220;Organizers and Contact&#8221;<\/span><\/a><\/p>\n","protected":false},"author":1,"featured_media":0,"parent":0,"menu_order":0,"comment_status":"closed","ping_status":"closed","template":"","meta":{"iawp_total_views":141,"footnotes":""},"_links":{"self":[{"href":"https:\/\/www.inf.u-szeged.hu\/~ssip\/2024\/wp-json\/wp\/v2\/pages\/32"}],"collection":[{"href":"https:\/\/www.inf.u-szeged.hu\/~ssip\/2024\/wp-json\/wp\/v2\/pages"}],"about":[{"href":"https:\/\/www.inf.u-szeged.hu\/~ssip\/2024\/wp-json\/wp\/v2\/types\/page"}],"author":[{"embeddable":true,"href":"https:\/\/www.inf.u-szeged.hu\/~ssip\/2024\/wp-json\/wp\/v2\/users\/1"}],"replies":[{"embeddable":true,"href":"https:\/\/www.inf.u-szeged.hu\/~ssip\/2024\/wp-json\/wp\/v2\/comments?post=32"}],"version-history":[{"count":1,"href":"https:\/\/www.inf.u-szeged.hu\/~ssip\/2024\/wp-json\/wp\/v2\/pages\/32\/revisions"}],"predecessor-version":[{"id":33,"href":"https:\/\/www.inf.u-szeged.hu\/~ssip\/2024\/wp-json\/wp\/v2\/pages\/32\/revisions\/33"}],"wp:attachment":[{"href":"https:\/\/www.inf.u-szeged.hu\/~ssip\/2024\/wp-json\/wp\/v2\/media?parent=32"}],"curies":[{"name":"wp","href":"https:\/\/api.w.org\/{rel}","templated":true}]}}