{"id":276,"date":"2025-06-18T07:03:21","date_gmt":"2025-06-18T07:03:21","guid":{"rendered":"https:\/\/www.inf.u-szeged.hu\/~ssip\/2025\/?page_id=276"},"modified":"2025-06-18T07:13:22","modified_gmt":"2025-06-18T07:13:22","slug":"kalman-palagyi","status":"publish","type":"page","link":"https:\/\/www.inf.u-szeged.hu\/~ssip\/2025\/kalman-palagyi\/","title":{"rendered":"K\u00e1lm\u00e1n Pal\u00e1gyi"},"content":{"rendered":"\t\t<div data-elementor-type=\"wp-page\" data-elementor-id=\"276\" class=\"elementor elementor-276\">\n\t\t\t\t<div class=\"elementor-element elementor-element-593c70b e-flex e-con-boxed e-con e-parent\" data-id=\"593c70b\" data-element_type=\"container\">\n\t\t\t\t\t<div class=\"e-con-inner\">\n\t\t\t\t<div class=\"elementor-element elementor-element-d10e922 elementor-widget elementor-widget-text-editor\" data-id=\"d10e922\" data-element_type=\"widget\" data-widget_type=\"text-editor.default\">\n\t\t\t\t<div class=\"elementor-widget-container\">\n\t\t\t\t\t\t\t\t\t<div class=\"entry-content\"><p><strong>Name<\/strong>: K\u00e1lm\u00e1n Pal\u00e1gyi<br \/><strong>Affiliation<\/strong>: Professor, University of Szeged<br \/><strong>Primary research interest<\/strong>: Discrete topology; Thinning algorithms and their applications<\/p><p><strong>Title of the lecture<\/strong>: Skeletonization methods and applications<br \/><strong>Keywords<\/strong>: Skeleton; Skeleton-like shape features; Distance transform; Voronoi diagram; Thinning<br \/><strong>Summary<\/strong>: Skeleton-like shape features (i.e., centerlines, medial surfaces, and topological kernels) are frequently used region-based shape features which summarize the general form of objects, and represent their topological structures. They play important role in various applications in image processing, pattern recognition, and visualization. I shall define skeletons and present their properties. Then the three major skeletonization techniques will be presented. Finally, some applications will be outlined.<\/p><\/div>\t\t\t\t\t\t\t\t<\/div>\n\t\t\t\t<\/div>\n\t\t\t\t\t<\/div>\n\t\t\t\t<\/div>\n\t\t\t\t<\/div>\n\t\t","protected":false},"excerpt":{"rendered":"<p>Name: K\u00e1lm\u00e1n Pal\u00e1gyiAffiliation: Professor, University of SzegedPrimary research interest: Discrete topology; Thinning algorithms and their applications Title of the lecture: Skeletonization methods and applicationsKeywords: Skeleton; Skeleton-like shape features; Distance transform; Voronoi diagram; ThinningSummary: Skeleton-like shape features (i.e., centerlines, medial surfaces, and topological kernels) are frequently used region-based shape features which summarize the general form of &hellip; <\/p>\n<p class=\"link-more\"><a href=\"https:\/\/www.inf.u-szeged.hu\/~ssip\/2025\/kalman-palagyi\/\" class=\"more-link\">Continue reading<span class=\"screen-reader-text\"> &#8220;K\u00e1lm\u00e1n Pal\u00e1gyi&#8221;<\/span><\/a><\/p>\n","protected":false},"author":1,"featured_media":0,"parent":0,"menu_order":0,"comment_status":"closed","ping_status":"closed","template":"","meta":{"footnotes":""},"class_list":["post-276","page","type-page","status-publish","hentry"],"_links":{"self":[{"href":"https:\/\/www.inf.u-szeged.hu\/~ssip\/2025\/wp-json\/wp\/v2\/pages\/276","targetHints":{"allow":["GET"]}}],"collection":[{"href":"https:\/\/www.inf.u-szeged.hu\/~ssip\/2025\/wp-json\/wp\/v2\/pages"}],"about":[{"href":"https:\/\/www.inf.u-szeged.hu\/~ssip\/2025\/wp-json\/wp\/v2\/types\/page"}],"author":[{"embeddable":true,"href":"https:\/\/www.inf.u-szeged.hu\/~ssip\/2025\/wp-json\/wp\/v2\/users\/1"}],"replies":[{"embeddable":true,"href":"https:\/\/www.inf.u-szeged.hu\/~ssip\/2025\/wp-json\/wp\/v2\/comments?post=276"}],"version-history":[{"count":6,"href":"https:\/\/www.inf.u-szeged.hu\/~ssip\/2025\/wp-json\/wp\/v2\/pages\/276\/revisions"}],"predecessor-version":[{"id":288,"href":"https:\/\/www.inf.u-szeged.hu\/~ssip\/2025\/wp-json\/wp\/v2\/pages\/276\/revisions\/288"}],"wp:attachment":[{"href":"https:\/\/www.inf.u-szeged.hu\/~ssip\/2025\/wp-json\/wp\/v2\/media?parent=276"}],"curies":[{"name":"wp","href":"https:\/\/api.w.org\/{rel}","templated":true}]}}